{"id":1281,"date":"2025-09-08T00:02:09","date_gmt":"2025-09-07T17:02:09","guid":{"rendered":"https:\/\/atexpress.net\/our-team\/"},"modified":"2026-02-25T20:34:49","modified_gmt":"2026-02-25T13:34:49","slug":"thanh-vien","status":"publish","type":"page","link":"https:\/\/atexpress.net\/vi\/thanh-vien\/","title":{"rendered":"Th\u00e0nh vi\u00ean"},"content":{"rendered":"\n\t<section class=\"section dark\" id=\"section_425303154\">\n\t\t<div class=\"section-bg fill\" >\n\t\t\t<img loading=\"lazy\" decoding=\"async\" width=\"2107\" height=\"800\" src=\"https:\/\/atexpress.net\/wp-content\/uploads\/2025\/12\/banner-dau-trang-atexpress.png\" class=\"bg attachment-original size-original\" alt=\"\" \/>\t\t\t\t\t\t<div class=\"section-bg-overlay absolute fill\"><\/div>\n\t\t\t\n\n\t\t<\/div>\n\n\t\t\n\n\t\t<div class=\"section-content relative\">\n\t\t\t\n<div class=\"row\"  id=\"row-303538157\">\n\n\t<div id=\"col-940083789\" class=\"col small-12 large-12\"  >\n\t\t\t\t<div class=\"col-inner\"  >\n\t\t\t\n\t\t\t\n\t<div id=\"text-685608418\" class=\"text\">\n\t\t\n<h1>\u0110\u00f4\u0323i ngu\u0303 AT Express<\/h1>\n\t\t\n<style>\n#text-685608418 {\n  font-size: 1.7rem;\n  text-align: center;\n}\n@media (min-width:550px) {\n  #text-685608418 {\n    text-align: center;\n  }\n}\n@media (min-width:850px) {\n  #text-685608418 {\n    font-size: 1.5rem;\n    text-align: center;\n  }\n}\n<\/style>\n\t<\/div>\n\t\n\t\t<\/div>\n\t\t\t\t\n<style>\n#col-940083789 > .col-inner {\n  margin: 0px 0px -50px 0px;\n}\n@media (min-width:850px) {\n  #col-940083789 > .col-inner {\n    margin: 0px 0px -50px 0px;\n  }\n}\n<\/style>\n\t<\/div>\n\n\t\n<\/div>\n\t\t<\/div>\n\n\t\t\n<style>\n#section_425303154 {\n  padding-top: 30px;\n  padding-bottom: 30px;\n  min-height: 335px;\n}\n#section_425303154 .section-bg-overlay {\n  background-color: rgba(0, 0, 0, 0.267);\n}\n@media (min-width:850px) {\n  #section_425303154 {\n    min-height: 550px;\n  }\n}\n<\/style>\n\t<\/section>\n\t\n\n\t<section class=\"section\" id=\"section_551579174\">\n\t\t<div class=\"section-bg fill\" >\n\t\t\t\t\t\t\t\t\t\n\t\t\t\n\n\t\t<\/div>\n\n\t\t\n\n\t\t<div class=\"section-content relative\">\n\t\t\t\n<div class=\"row\"  id=\"row-1767464602\">\n\n\t<div id=\"col-527171486\" class=\"col small-12 large-12\"  >\n\t\t\t\t<div class=\"col-inner\"  >\n\t\t\t\n\t\t\t\n\t<div id=\"text-3643420392\" class=\"text\">\n\t\t\n<p>K\u1ec3 t\u1eeb khi th\u00e0nh l\u1eadp t\u01b0\u0300 2005, AT Express \u0111\u00e3 lu\u00f4n t\u1eadn t\u00e2m h\u1ed7 tr\u1ee3 kh\u00e1ch h\u00e0ng trong c\u00e1c nhu c\u1ea7u v\u1ec1 \u0111\u1ea7u t\u01b0, di tr\u00fa v\u00e0 ph\u00e1t tri\u1ec3n kinh doanh t\u1ea1i ch\u00e2u \u00c2u, ch\u00e2u \u00c1, M\u1ef9, Carib\u00ea v\u00e0 c\u00e1c khu v\u1ef1c kh\u00e1c tr\u00ean th\u1ebf gi\u1edbi. AT Express \u0111\u00e3 t\u00edch l\u0169y g\u1ea7n 20 n\u0103m kinh nghi\u1ec7m trong vi\u1ec7c x\u1eed l\u00fd c\u00e1c h\u1ed3 s\u01a1 t\u01b0 v\u1ea5n kinh doanh, di tr\u00fa v\u00e0 b\u1ea5t \u0111\u1ed9ng s\u1ea3n qu\u1ed1c t\u1ebf. V\u1edbi kinh nghi\u1ec7m s\u00e2u r\u1ed9ng trong l\u0129nh v\u1ef1c t\u01b0 v\u1ea5n v\u00e0 ki\u1ebfn th\u1ee9c chuy\u00ean m\u00f4n v\u1ec1 ph\u00e1p lu\u1eadt qu\u1ed1c t\u1ebf, ch\u00fang t\u00f4i \u0111\u00e3 th\u00e0nh c\u00f4ng trong vi\u1ec7c gi\u00fap h\u00e0ng ngh\u00ecn kh\u00e1ch h\u00e0ng ti\u1ebfp c\u1eadn c\u00e1c c\u01a1 h\u1ed9i \u0111\u1ea7u t\u01b0 v\u00e0 ph\u00e1t tri\u1ec3n kinh doanh t\u1ea1i c\u00e1c \u0111i\u1ec3m \u0111\u1ebfn mong mu\u1ed1n tr\u00ean to\u00e0n c\u1ea7u.<br \/>\u0110\u1ed9i ng\u0169 chuy\u00ean gia t\u01b0 v\u1ea5n n\u1ed9i b\u1ed9 gi\u00e0u kinh nghi\u1ec7m c\u1ee7a AT Express c\u00f9ng m\u1ea1ng l\u01b0\u1edbi h\u1ee3p t\u00e1c v\u1edbi c\u00e1c lu\u1eadt s\u01b0, ch\u1ee7 \u0111\u1ea7u t\u01b0 uy t\u00edn v\u00e0 chuy\u00ean gia h\u00e0ng \u0111\u1ea7u tr\u00ean th\u1ebf gi\u1edbi \u0111\u00e3 gi\u00fap ch\u00fang t\u00f4i gi\u00e0nh \u0111\u01b0\u1ee3c s\u1ef1 tin t\u01b0\u1edfng t\u1eeb kh\u00e1ch h\u00e0ng v\u00e0 x\u00e2y d\u1ef1ng uy t\u00edn l\u00e0 m\u1ed9t trong nh\u1eefng c\u00f4ng ty t\u01b0 v\u1ea5n \u0111\u00e1ng tin c\u1eady h\u00e0ng \u0111\u1ea7u trong l\u0129nh v\u1ef1c n\u00e0y.<\/p>\n\t\t\n<style>\n#text-3643420392 {\n  text-align: center;\n}\n<\/style>\n\t<\/div>\n\t\n\t<div class=\"img has-hover x md-x lg-x y md-y lg-y\" id=\"image_2128083167\">\n\t\t\t\t\t\t\t\t<div class=\"img-inner dark\" >\n\t\t\t<img loading=\"lazy\" decoding=\"async\" width=\"1020\" height=\"574\" src=\"https:\/\/atexpress.net\/wp-content\/uploads\/2025\/12\/2-1024x576.png\" class=\"attachment-large size-large\" alt=\"\" srcset=\"https:\/\/atexpress.net\/wp-content\/uploads\/2025\/12\/2-1024x576.png 1024w, https:\/\/atexpress.net\/wp-content\/uploads\/2025\/12\/2-300x169.png 300w, https:\/\/atexpress.net\/wp-content\/uploads\/2025\/12\/2-768x432.png 768w, https:\/\/atexpress.net\/wp-content\/uploads\/2025\/12\/2.png 1280w\" sizes=\"auto, (max-width: 1020px) 100vw, 1020px\" \/>\t\t\t\t\t\t\n\t\t\t\t\t<\/div>\n\t\t\t\t\t\t\t\t\n<style>\n#image_2128083167 {\n  width: 100%;\n}\n<\/style>\n\t<\/div>\n\t\n\t<div class=\"img has-hover x md-x lg-x y md-y lg-y\" id=\"image_1719702833\">\n\t\t\t\t\t\t\t\t<div class=\"img-inner dark\" >\n\t\t\t<img loading=\"lazy\" decoding=\"async\" width=\"1020\" height=\"574\" src=\"https:\/\/atexpress.net\/wp-content\/uploads\/2025\/12\/AT-Thumbnail-1-1-1024x576.png\" class=\"attachment-large size-large\" alt=\"\" srcset=\"https:\/\/atexpress.net\/wp-content\/uploads\/2025\/12\/AT-Thumbnail-1-1-1024x576.png 1024w, https:\/\/atexpress.net\/wp-content\/uploads\/2025\/12\/AT-Thumbnail-1-1-300x169.png 300w, https:\/\/atexpress.net\/wp-content\/uploads\/2025\/12\/AT-Thumbnail-1-1-768x432.png 768w, https:\/\/atexpress.net\/wp-content\/uploads\/2025\/12\/AT-Thumbnail-1-1-1536x864.png 1536w, https:\/\/atexpress.net\/wp-content\/uploads\/2025\/12\/AT-Thumbnail-1-1-2048x1152.png 2048w\" sizes=\"auto, (max-width: 1020px) 100vw, 1020px\" \/>\t\t\t\t\t\t\n\t\t\t\t\t<\/div>\n\t\t\t\t\t\t\t\t\n<style>\n#image_1719702833 {\n  width: 100%;\n}\n<\/style>\n\t<\/div>\n\t\n\t\t<\/div>\n\t\t\t\t\t<\/div>\n\n\t\n<\/div>\n\t\t<\/div>\n\n\t\t\n<style>\n#section_551579174 {\n  padding-top: 30px;\n  padding-bottom: 30px;\n}\n<\/style>\n\t<\/section>\n\t\n","protected":false},"excerpt":{"rendered":"","protected":false},"author":1,"featured_media":0,"parent":0,"menu_order":0,"comment_status":"closed","ping_status":"closed","template":"page-transparent-header-light.php","meta":{"inline_featured_image":false,"footnotes":""},"class_list":["post-1281","page","type-page","status-publish","hentry"],"acf":[],"_links":{"self":[{"href":"https:\/\/atexpress.net\/vi\/wp-json\/wp\/v2\/pages\/1281","targetHints":{"allow":["GET"]}}],"collection":[{"href":"https:\/\/atexpress.net\/vi\/wp-json\/wp\/v2\/pages"}],"about":[{"href":"https:\/\/atexpress.net\/vi\/wp-json\/wp\/v2\/types\/page"}],"author":[{"embeddable":true,"href":"https:\/\/atexpress.net\/vi\/wp-json\/wp\/v2\/users\/1"}],"replies":[{"embeddable":true,"href":"https:\/\/atexpress.net\/vi\/wp-json\/wp\/v2\/comments?post=1281"}],"version-history":[{"count":11,"href":"https:\/\/atexpress.net\/vi\/wp-json\/wp\/v2\/pages\/1281\/revisions"}],"predecessor-version":[{"id":3930,"href":"https:\/\/atexpress.net\/vi\/wp-json\/wp\/v2\/pages\/1281\/revisions\/3930"}],"wp:attachment":[{"href":"https:\/\/atexpress.net\/vi\/wp-json\/wp\/v2\/media?parent=1281"}],"curies":[{"name":"wp","href":"https:\/\/api.w.org\/{rel}","templated":true}]}}