{"id":2301,"date":"2025-09-18T16:05:25","date_gmt":"2025-09-18T09:05:25","guid":{"rendered":"https:\/\/atexpress.net\/?page_id=2301"},"modified":"2025-09-18T16:16:00","modified_gmt":"2025-09-18T09:16:00","slug":"dinh-cu-bo-dao-nha-dien-visa-d7","status":"publish","type":"page","link":"https:\/\/atexpress.net\/vi\/dinh-cu-bo-dao-nha-dien-visa-d7\/","title":{"rendered":"\u0110i\u0323nh c\u01b0 B\u00f4\u0300 \u0110a\u0300o Nha di\u00ea\u0323n Visa D7"},"content":{"rendered":"\n\t<section class=\"section\" id=\"section_1753818762\">\n\t\t<div class=\"section-bg fill\" >\n\t\t\t<img loading=\"lazy\" decoding=\"async\" width=\"1920\" height=\"1080\" src=\"https:\/\/atexpress.net\/wp-content\/uploads\/2025\/09\/portugalgolden.webp\" class=\"bg attachment-original size-original\" alt=\"\" \/>\t\t\t\t\t\t\n\t\t\t\n\n\t\t<\/div>\n\n\t\t\n\n\t\t<div class=\"section-content relative\">\n\t\t\t\n<div class=\"row\"  id=\"row-380139288\">\n\n\t<div id=\"col-1261769130\" class=\"col medium-9 small-12 large-5\"  >\n\t\t\t\t<div class=\"col-inner dark\" style=\"background-color:rgba(40, 40, 40, 0.826);\" >\n\t\t\t\n\t\t\t\n\t<div id=\"text-3589897522\" class=\"text uppercase\">\n\t\t\n<h1>\u0110i\u0323nh c\u01b0 B\u00f4\u0300 \u0110a\u0300o Nha<br \/>\nDi\u00ea\u0323n Visa D7<\/h1>\n\t\t\n<style>\n#text-3589897522 {\n  font-size: 1.25rem;\n}\n@media (min-width:550px) {\n  #text-3589897522 {\n    font-size: 1.6rem;\n  }\n}\n<\/style>\n\t<\/div>\n\t\n<div class=\"elementor-element elementor-element-1032792 elementor-widget elementor-widget-text-editor\" data-id=\"1032792\" data-element_type=\"widget\" data-widget_type=\"text-editor.default\">\n<div class=\"elementor-widget-container\">\n<p>Visa D7 c\u1ee7a B\u1ed3 \u0110\u00e0o Nha c\u1ea5p quy ch\u1ebf c\u01b0 tr\u00fa cho c\u00f4ng d\u00e2n ngo\u00e0i EU, bao g\u1ed3m c\u1ea3 ng\u01b0\u1eddi ngh\u1ec9 h\u01b0u, nh\u1eefng ng\u01b0\u1eddi c\u00f3 \u00fd \u0111\u1ecbnh chuy\u1ec3n \u0111\u1ebfn B\u1ed3 \u0110\u00e0o Nha v\u00e0 c\u00f3 ngu\u1ed3n thu nh\u1eadp th\u1ee5 \u0111\u1ed9ng \u1ed5n \u0111\u1ecbnh. AT Express cung c\u1ea5p d\u1ecbch v\u1ee5 h\u1ed7 tr\u1ee3 tr\u1ecdn g\u00f3i cho h\u1ed3 s\u01a1 \u0111\u0103ng k\u00fd.<\/p>\n<\/div>\n<\/div>\n<div class=\"is-divider divider clearfix\" style=\"max-width:100%;height:1px;background-color:rgb(255, 255, 255);\"><\/div>\n<p>Home | About | Project | Contact<\/p>\n\t\t<\/div>\n\t\t\t\t\n<style>\n#col-1261769130 > .col-inner {\n  padding: 30px 15px 15px 15px;\n}\n<\/style>\n\t<\/div>\n\n\t\n<\/div>\n\t\t<\/div>\n\n\t\t\n<style>\n#section_1753818762 {\n  padding-top: 30px;\n  padding-bottom: 30px;\n  min-height: 633px;\n}\n<\/style>\n\t<\/section>\n\t\n\n\t<section class=\"section\" id=\"section_2053575665\">\n\t\t<div class=\"section-bg fill\" >\n\t\t\t\t\t\t\t\t\t\n\t\t\t\n\n\t\t<\/div>\n\n\t\t\n\n\t\t<div class=\"section-content relative\">\n\t\t\t\n<div class=\"row align-middle\"  id=\"row-474213025\">\n\n\t<div id=\"col-913265424\" class=\"col medium-6 small-12 large-6\"  >\n\t\t\t\t<div class=\"col-inner\"  >\n\t\t\t\n\t\t\t\n\t<div id=\"text-3603371468\" class=\"text\">\n\t\t\n<h2>T\u00f4\u0309ng quan v\u00ea\u0300 B\u00f4\u0300 \u0110a\u0300o Nha<\/h2>\n\t\t\n<style>\n#text-3603371468 {\n  font-size: 1.35rem;\n}\n<\/style>\n\t<\/div>\n\t\n<div class=\"ue-list-item elementor-repeater-item-68293a6\">\n<div class=\"ue-list-item-content\">\n<p data-start=\"411\" data-end=\"828\">B\u1ed3 \u0110\u00e0o Nha n\u1eb1m \u1edf ng\u00e3 ba c\u1ee7a ch\u00e2u \u00c2u, ch\u00e2u Phi v\u00e0 ch\u00e2u M\u1ef9, t\u1ea1i ph\u00eda t\u00e2y nam l\u1ee5c \u0111\u1ecba ch\u00e2u \u00c2u. Qu\u1ed1c gia n\u00e0y gi\u00e1p T\u00e2y Ban Nha v\u00e0 \u0110\u1ea1i T\u00e2y D\u01b0\u01a1ng, \u0111\u01b0\u1ee3c chia th\u00e0nh 18 khu v\u1ef1c v\u00e0 2 qu\u1ea7n \u0111\u1ea3o. Th\u1ee7 \u0111\u00f4 l\u00e0 Lisbon. D\u00e2n s\u1ed1 kho\u1ea3ng 10,8 tri\u1ec7u ng\u01b0\u1eddi, trong \u0111\u00f3 97% l\u00e0 ng\u01b0\u1eddi B\u1ed3 \u0110\u00e0o Nha v\u00e0 85% theo C\u00f4ng gi\u00e1o. B\u1ed3 \u0110\u00e0o Nha c\u00f3 kh\u00ed h\u1eadu d\u1ec5 ch\u1ecbu v\u1edbi trung b\u00ecnh 300 ng\u00e0y n\u1eafng m\u1ed7i n\u0103m. Nhi\u1ec7t \u0111\u1ed9 trung b\u00ecnh dao \u0111\u1ed9ng 17\u201328\u2103, v\u00e0 8\u201314\u2103 v\u00e0o m\u00f9a \u0111\u00f4ng.<\/p>\n<ul data-start=\"830\" data-end=\"1266\">\n<li data-start=\"830\" data-end=\"895\">\n<p data-start=\"832\" data-end=\"895\">X\u1ebfp h\u1ea1ng <strong data-start=\"841\" data-end=\"850\">th\u1ee9 3<\/strong> trong Ch\u1ec9 s\u1ed1 H\u00f2a b\u00ecnh Th\u1ebf gi\u1edbi 2019 &amp; 2020<\/p>\n<\/li>\n<li data-start=\"896\" data-end=\"942\">\n<p data-start=\"898\" data-end=\"942\">Top <strong data-start=\"902\" data-end=\"940\">5 qu\u1ed1c gia \u0111\u00e1ng s\u1ed1ng nh\u1ea5t th\u1ebf gi\u1edbi<\/strong><\/p>\n<\/li>\n<li data-start=\"943\" data-end=\"1011\">\n<p data-start=\"945\" data-end=\"1011\">M\u1ed9t trong nh\u1eefng n\u01b0\u1edbc d\u1eabn \u0111\u1ea7u trong Ch\u1ec9 s\u1ed1 H\u00f2a b\u00ecnh To\u00e0n c\u1ea7u 2020<\/p>\n<\/li>\n<li data-start=\"1012\" data-end=\"1061\">\n<p data-start=\"1014\" data-end=\"1061\">X\u1ebfp h\u1ea1ng <strong data-start=\"1023\" data-end=\"1032\">th\u1ee9 6<\/strong> trong Ch\u1ec9 s\u1ed1 Y t\u1ebf Th\u1ebf gi\u1edbi<\/p>\n<\/li>\n<li data-start=\"1062\" data-end=\"1131\">\n<p data-start=\"1064\" data-end=\"1131\">\u0110\u01b0\u1ee3c Lonely Planet b\u00ecnh ch\u1ecdn v\u00e0o Top 10 \u0111i\u1ec3m \u0111\u1ebfn du l\u1ecbch h\u00e0ng \u0111\u1ea7u<\/p>\n<\/li>\n<li data-start=\"1132\" data-end=\"1211\">\n<p data-start=\"1134\" data-end=\"1211\">N\u0103m 2020, \u0111\u01b0\u1ee3c c\u00f4ng nh\u1eadn l\u00e0 <strong data-start=\"1162\" data-end=\"1209\">qu\u1ed1c gia du l\u1ecbch an to\u00e0n \u0111\u1ea7u ti\u00ean \u1edf ch\u00e2u \u00c2u<\/strong><\/p>\n<\/li>\n<li data-start=\"1212\" data-end=\"1266\">\n<p data-start=\"1214\" data-end=\"1266\">L\u00e0 qu\u1ed1c gia ph\u00f9 h\u1ee3p nh\u1ea5t \u0111\u1ec3 sinh s\u1ed1ng sau \u0111\u1ea1i d\u1ecbch<\/p>\n<\/li>\n<\/ul>\n<\/div>\n<\/div>\n\t\t<\/div>\n\t\t\t\t\t<\/div>\n\n\t\n\n\t<div id=\"col-1036917741\" class=\"col pb-0 medium-6 small-12 large-6\"  >\n\t\t\t\t<div class=\"col-inner\"  >\n\t\t\t\n\t\t\t\n\t<div class=\"img has-hover img-br x md-x lg-x y md-y lg-y\" id=\"image_547592508\">\n\t\t\t\t\t\t\t\t<div class=\"img-inner dark\" >\n\t\t\t<img loading=\"lazy\" decoding=\"async\" width=\"600\" height=\"600\" src=\"https:\/\/atexpress.net\/wp-content\/uploads\/2025\/09\/portugal-golden-visa-pic-qa90sa9gsds3zekuzwoqc5lsla2gzdh6unk5atemb4.webp\" class=\"attachment-large size-large\" alt=\"\" srcset=\"https:\/\/atexpress.net\/wp-content\/uploads\/2025\/09\/portugal-golden-visa-pic-qa90sa9gsds3zekuzwoqc5lsla2gzdh6unk5atemb4.webp 600w, https:\/\/atexpress.net\/wp-content\/uploads\/2025\/09\/portugal-golden-visa-pic-qa90sa9gsds3zekuzwoqc5lsla2gzdh6unk5atemb4-300x300.webp 300w, https:\/\/atexpress.net\/wp-content\/uploads\/2025\/09\/portugal-golden-visa-pic-qa90sa9gsds3zekuzwoqc5lsla2gzdh6unk5atemb4-150x150.webp 150w\" sizes=\"auto, (max-width: 600px) 100vw, 600px\" \/>\t\t\t\t\t\t\n\t\t\t\t\t<\/div>\n\t\t\t\t\t\t\t\t\n<style>\n#image_547592508 {\n  width: 100%;\n}\n<\/style>\n\t<\/div>\n\t\n\t\t<\/div>\n\t\t\t\t\t<\/div>\n\n\t\n<\/div>\n<div class=\"row\"  id=\"row-1333843081\">\n\n\t<div id=\"col-1904216358\" class=\"col small-12 large-12\"  >\n\t\t\t\t<div class=\"col-inner\"  >\n\t\t\t\n\t\t\t\n<p data-start=\"1268\" data-end=\"1513\">B\u1ed3 \u0110\u00e0o Nha chi 5,8% GDP cho gi\u00e1o d\u1ee5c \u2013 cao h\u01a1n Canada (5,2%) v\u00e0 M\u1ef9 (5,7%). Mi\u1ec5n ph\u00ed v\u00e0 b\u1eaft bu\u1ed9c \u0111\u1ebfn 18 tu\u1ed5i. C\u00f3 h\u1ec7 th\u1ed1ng \u0111\u1ea1i h\u1ecdc c\u00f4ng l\u1eadp v\u00e0 t\u01b0 nh\u00e2n \u0111a d\u1ea1ng, nhi\u1ec1u tr\u01b0\u1eddng h\u1ee3p t\u00e1c v\u1edbi M\u1ef9, Anh, \u0110\u1ee9c, Ph\u00e1p v\u00e0 Th\u1ee5y S\u0129 \u0111\u1ec3 c\u1ea5p b\u1eb1ng k\u00e9p.<\/p>\n<p data-start=\"1515\" data-end=\"1750\">B\u1ed3 \u0110\u00e0o Nha coi tr\u1ecdng ch\u0103m s\u00f3c s\u1ee9c kh\u1ecfe, h\u1ec7 th\u1ed1ng y t\u1ebf c\u00f4ng tr\u01b0\u1edfng th\u00e0nh, b\u1ea3o hi\u1ec3m y t\u1ebf c\u00f4ng chi\u1ebfm 10% GDP. Tu\u1ed5i th\u1ecd trung b\u00ecnh \u0111\u1ea1t <strong data-start=\"1656\" data-end=\"1669\">81,1 tu\u1ed5i<\/strong>. C\u00f9ng v\u1edbi m\u00f4i tr\u01b0\u1eddng t\u1ef1 nhi\u00ean t\u1ed1t, \u0111\u00e2y l\u00e0 m\u1ed9t trong nh\u1eefng y\u1ebfu t\u1ed1 thu h\u00fat nh\u1ea5t.<\/p>\n\t\t<\/div>\n\t\t\t\t\t<\/div>\n\n\t\n<\/div>\n\t\t<\/div>\n\n\t\t\n<style>\n#section_2053575665 {\n  padding-top: 40px;\n  padding-bottom: 40px;\n}\n<\/style>\n\t<\/section>\n\t\n\n\t<section class=\"section dark\" id=\"section_425942429\">\n\t\t<div class=\"section-bg fill\" >\n\t\t\t\t\t\t\t\t\t\n\t\t\t\n\n\t\t<\/div>\n\n\t\t\n\n\t\t<div class=\"section-content relative\">\n\t\t\t\n<div class=\"row row-collapse align-middle\"  id=\"row-3654782\">\n\n\t<div id=\"col-1951461649\" class=\"col medium-8 small-12 large-8\"  >\n\t\t\t\t<div class=\"col-inner\"  >\n\t\t\t\n\t\t\t\n\t<div id=\"text-2327909964\" class=\"text\">\n\t\t\n<h2>Anh chi\u0323 co\u0301 \u0111a\u0323t \u0111i\u00ea\u0300u ki\u00ea\u0323n tham gia ch\u01b0\u01a1ng tri\u0300nh na\u0300y?<\/h2>\n\t\t\n<style>\n#text-2327909964 {\n  font-size: 1.35rem;\n}\n<\/style>\n\t<\/div>\n\t\n\t<div id=\"text-2547201935\" class=\"text last-reset\">\n\t\t\n<p>Ha\u0303y \u0111\u00ea\u0309 AT Express t\u01b0 v\u00e2\u0301n th\u00f4ng tin chi ti\u00ea\u0301t ngay h\u00f4m nay!<br \/>\n\t\t\t<\/div>\n\t\n\t\t<\/div>\n\t\t\t\t\n<style>\n#col-1951461649 > .col-inner {\n  padding: 0px 15px 15px 15px;\n}\n@media (min-width:550px) {\n  #col-1951461649 > .col-inner {\n    padding: 0px 0px 0px 15px;\n  }\n}\n@media (min-width:850px) {\n  #col-1951461649 > .col-inner {\n    padding: 0px 0px 0px 0px;\n  }\n}\n<\/style>\n\t<\/div>\n\n\t\n\n\t<div id=\"col-768208846\" class=\"col medium-4 small-12 large-4\"  >\n\t\t\t\t<div class=\"col-inner text-center\"  >\n\t\t\t\n\t\t\t\n<a class=\"button secondary mb-0\"  style=\"border-radius:5px;\">\n\t\t<span>Li\u00ean h\u00ea\u0323 ngay<\/span>\n\t<\/a>\n\n\t\t<\/div>\n\t\t\t\t\t<\/div>\n\n\t\n<\/div>\n\t\t<\/div>\n\n\t\t\n<style>\n#section_425942429 {\n  padding-top: 30px;\n  padding-bottom: 30px;\n  background-color: rgb(32, 56, 88);\n}\n<\/style>\n\t<\/section>\n\t\n\n\t<section class=\"section\" id=\"section_1297045172\">\n\t\t<div class=\"section-bg fill\" >\n\t\t\t\t\t\t\t\t\t\n\t\t\t\n\n\t\t<\/div>\n\n\t\t\n\n\t\t<div class=\"section-content relative\">\n\t\t\t\n<div class=\"row\"  id=\"row-2006115494\">\n\n\t<div id=\"col-1774478904\" class=\"col pb-0 small-12 large-12\"  >\n\t\t\t\t<div class=\"col-inner\"  >\n\t\t\t\n\t\t\t\n\t<div id=\"text-3229301860\" class=\"text\">\n\t\t\n<h2>Gi\u1edbi thi\u1ec7u Visa D7 B\u1ed3 \u0110\u00e0o Nha<\/h2>\n\t\t\n<style>\n#text-3229301860 {\n  font-size: 1.35rem;\n}\n<\/style>\n\t<\/div>\n\t\n<p data-start=\"1794\" data-end=\"2035\">B\u1ed3 \u0110\u00e0o Nha l\u00e0 \u0111i\u1ec3m \u0111\u1ebfn h\u00e0ng \u0111\u1ea7u cho c\u00e1 nh\u00e2n v\u00e0 gia \u0111\u00ecnh mong mu\u1ed1n c\u01b0 tr\u00fa t\u1ea1i EU. Qu\u1ed1c gia n\u00e0y c\u00f3 m\u00f4i tr\u01b0\u1eddng ch\u00ednh tr\u1ecb \u2013 x\u00e3 h\u1ed9i \u1ed5n \u0111\u1ecbnh, h\u1ec7 th\u1ed1ng thu\u1ebf minh b\u1ea1ch, h\u1ea1 t\u1ea7ng t\u1ed1t, m\u00f4i tr\u01b0\u1eddng \u0111\u1ea7u t\u01b0 thu\u1eadn l\u1ee3i v\u00e0 ch\u1ea5t l\u01b0\u1ee3ng s\u1ed1ng cao, chi ph\u00ed th\u1ea5p.<\/p>\n<p data-start=\"2037\" data-end=\"2303\"><strong data-start=\"2037\" data-end=\"2073\">Visa Thu nh\u1eadp th\u1ee5 \u0111\u1ed9ng (D7 Visa)<\/strong> c\u1ea5p quy\u1ec1n c\u01b0 tr\u00fa cho c\u00f4ng d\u00e2n ngo\u00e0i EU\/EEA\/Th\u1ee5y S\u0129, bao g\u1ed3m c\u1ea3 ng\u01b0\u1eddi ngh\u1ec9 h\u01b0u, c\u00f3 thu nh\u1eadp th\u1ee5 \u0111\u1ed9ng \u0111\u1ec1u \u0111\u1eb7n. Ngo\u00e0i D7, c\u00f2n c\u00f3 ch\u01b0\u01a1ng tr\u00ecnh \u0111\u1ea7u t\u01b0 nh\u01b0 <strong data-start=\"2224\" data-end=\"2239\">Golden Visa<\/strong> \u2013 ph\u00f9 h\u1ee3p v\u1edbi nh\u00e0 \u0111\u1ea7u t\u01b0 mu\u1ed1n \u0111i theo h\u01b0\u1edbng \u0111\u1ea7u t\u01b0 t\u00e0i ch\u00ednh.<\/p>\n\t<div id=\"text-3170441471\" class=\"text\">\n\t\t\n<h2>Y\u00eau c\u1ea7u Ch\u01b0\u01a1ng tri\u0300nh Visa D7 B\u1ed3 \u0110\u00e0o Nha<\/h2>\n\t\t\n<style>\n#text-3170441471 {\n  font-size: 1.35rem;\n  text-align: left;\n}\n<\/style>\n\t<\/div>\n\t\n<p data-start=\"2344\" data-end=\"2493\">\u1ee8ng vi\u00ean c\u1ea7n ch\u1ee9ng minh c\u00f3 thu nh\u1eadp th\u1ee5 \u0111\u1ed9ng \u1ed5n \u0111\u1ecbnh t\u1eeb l\u01b0\u01a1ng h\u01b0u, cho thu\u00ea, c\u1ed5 t\u1ee9c ho\u1eb7c \u0111\u1ea7u t\u01b0. M\u1ee9c t\u1ed1i thi\u1ec3u t\u00f9y s\u1ed1 l\u01b0\u1ee3ng th\u00e0nh vi\u00ean trong h\u1ed3 s\u01a1:<\/p>\n<ul data-start=\"2495\" data-end=\"2705\">\n<li data-start=\"2495\" data-end=\"2574\">\n<p data-start=\"2497\" data-end=\"2574\"><strong data-start=\"2497\" data-end=\"2516\">\u0110\u01b0\u01a1ng \u0111\u01a1n ch\u00ednh<\/strong>: 100% m\u1ee9c l\u01b0\u01a1ng t\u1ed1i thi\u1ec3u hi\u1ec7n t\u1ea1i \u2013 <strong data-start=\"2554\" data-end=\"2572\">10.440 EUR\/n\u0103m<\/strong><\/p>\n<\/li>\n<li data-start=\"2575\" data-end=\"2648\">\n<p data-start=\"2577\" data-end=\"2648\"><strong data-start=\"2577\" data-end=\"2611\">V\u1ee3\/ch\u1ed3ng ho\u1eb7c cha m\u1eb9 ph\u1ee5 thu\u1ed9c<\/strong>: 50% m\u1ed7i ng\u01b0\u1eddi \u2013 <strong data-start=\"2629\" data-end=\"2646\">5.220 EUR\/n\u0103m<\/strong><\/p>\n<\/li>\n<li data-start=\"2649\" data-end=\"2705\">\n<p data-start=\"2651\" data-end=\"2705\"><strong data-start=\"2651\" data-end=\"2668\">Con ph\u1ee5 thu\u1ed9c<\/strong>: 30% m\u1ed7i ng\u01b0\u1eddi \u2013 <strong data-start=\"2686\" data-end=\"2703\">3.132 EUR\/n\u0103m<\/strong><\/p>\n<\/li>\n<\/ul>\n<p data-start=\"2707\" data-end=\"2801\">Khuy\u1ebfn ngh\u1ecb n\u00ean c\u00f3 t\u1ed1i thi\u1ec3u <strong data-start=\"2736\" data-end=\"2757\">12 th\u00e1ng thu nh\u1eadp<\/strong> trong t\u00e0i kho\u1ea3n ng\u00e2n h\u00e0ng t\u1ea1i B\u1ed3 \u0110\u00e0o Nha.<\/p>\n\t\t<\/div>\n\t\t\t\t\t<\/div>\n\n\t\n<\/div>\n\t\t<\/div>\n\n\t\t\n<style>\n#section_1297045172 {\n  padding-top: 40px;\n  padding-bottom: 40px;\n  background-color: rgb(255,255,255);\n}\n<\/style>\n\t<\/section>\n\t\n\n\t<section class=\"section dark\" id=\"section_1435426842\">\n\t\t<div class=\"section-bg fill\" >\n\t\t\t\t\t\t\t\t\t\n\t\t\t\n\n\t\t<\/div>\n\n\t\t\n\n\t\t<div class=\"section-content relative\">\n\t\t\t\n<div class=\"row\"  id=\"row-2065805214\">\n\n\t<div id=\"col-1298024907\" class=\"col small-12 large-12\"  >\n\t\t\t\t<div class=\"col-inner\"  >\n\t\t\t\n\t\t\t\n\t<div id=\"text-1703113627\" class=\"text\">\n\t\t\n<h2>L\u1ee3i \u00edch c\u1ee7a Visa D7 B\u1ed3 \u0110\u00e0o Nha<\/h2>\n\t\t\n<style>\n#text-1703113627 {\n  font-size: 1.35rem;\n  text-align: center;\n}\n<\/style>\n\t<\/div>\n\t\n\t\t<\/div>\n\t\t\t\t\t<\/div>\n\n\t\n\n\t<div id=\"col-1500393456\" class=\"col medium-6 small-12 large-6\"  >\n\t\t\t\t<div class=\"col-inner\"  >\n\t\t\t\n\t\t\t\n<ul>\n<li data-start=\"2846\" data-end=\"2907\">\n<p data-start=\"2848\" data-end=\"2907\">Quy\u1ec1n sinh s\u1ed1ng, l\u00e0m vi\u1ec7c v\u00e0\/ho\u1eb7c h\u1ecdc t\u1eadp t\u1ea1i B\u1ed3 \u0110\u00e0o Nha.<\/p>\n<\/li>\n<li data-start=\"2908\" data-end=\"2956\">\n<p data-start=\"2910\" data-end=\"2956\">C\u00f3 th\u1ec3 b\u1ea3o l\u00e3nh v\u1ee3\/ch\u1ed3ng, con c\u00e1i v\u00e0 cha m\u1eb9.<\/p>\n<\/li>\n<li data-start=\"2957\" data-end=\"3030\">\n<p data-start=\"2959\" data-end=\"3030\">Mi\u1ec5n th\u1ecb th\u1ef1c \u0111i l\u1ea1i to\u00e0n b\u1ed9 <strong data-start=\"2988\" data-end=\"3027\">kh\u1ed1i Schengen (29 qu\u1ed1c gia ch\u00e2u \u00c2u)<\/strong>.<\/p>\n<\/li>\n<\/ul>\n\t\t<\/div>\n\t\t\t\t\t<\/div>\n\n\t\n\n\t<div id=\"col-2119194767\" class=\"col medium-6 small-12 large-6\"  >\n\t\t\t\t<div class=\"col-inner\"  >\n\t\t\t\n\t\t\t\n<ul>\n<li data-start=\"3031\" data-end=\"3094\">\n<p data-start=\"3033\" data-end=\"3094\">C\u00f3 th\u1ec3 l\u00e0m vi\u1ec7c ho\u1eb7c th\u00e0nh l\u1eadp doanh nghi\u1ec7p t\u1ea1i B\u1ed3 \u0110\u00e0o Nha.<\/p>\n<\/li>\n<li data-start=\"3095\" data-end=\"3156\">\n<p data-start=\"3097\" data-end=\"3156\">\u0110\u1ee7 \u0111i\u1ec1u ki\u1ec7n xin <strong data-start=\"3114\" data-end=\"3143\">th\u01b0\u1eddng tr\u00fa ho\u1eb7c qu\u1ed1c t\u1ecbch<\/strong> sau 5 n\u0103m.<\/p>\n<\/li>\n<li data-start=\"3157\" data-end=\"3229\">\n<p data-start=\"3159\" data-end=\"3229\">Quy\u1ec1n c\u01b0 tr\u00fa B\u1ed3 \u0110\u00e0o Nha bao g\u1ed3m quy\u1ec1n \u0111\u01b0\u1ee3c h\u1ecdc t\u1eadp v\u00e0 ch\u0103m s\u00f3c y t\u1ebf.<\/p>\n<\/li>\n<\/ul>\n\t\t<\/div>\n\t\t\t\t\t<\/div>\n\n\t\n<\/div>\n\t\t<\/div>\n\n\t\t\n<style>\n#section_1435426842 {\n  padding-top: 40px;\n  padding-bottom: 40px;\n  background-color: rgb(32, 56, 88);\n}\n<\/style>\n\t<\/section>\n\t\n\n\t<section class=\"section\" id=\"section_558234030\">\n\t\t<div class=\"section-bg fill\" >\n\t\t\t\t\t\t\t\t\t\n\t\t\t\n\n\t\t<\/div>\n\n\t\t\n\n\t\t<div class=\"section-content relative\">\n\t\t\t\n<div class=\"row\"  id=\"row-1669244873\">\n\n\t<div id=\"col-343812438\" class=\"col small-12 large-12\"  >\n\t\t\t\t<div class=\"col-inner\"  >\n\t\t\t\n\t\t\t\n\t<div id=\"text-1203375469\" class=\"text\">\n\t\t\n<h2>Quy tri\u0300nh ca\u0301c b\u01b0\u01a1\u0301c c\u01a1 ba\u0309n<\/h2>\n\t\t\n<style>\n#text-1203375469 {\n  font-size: 1.35rem;\n  text-align: center;\n}\n<\/style>\n\t<\/div>\n\t\n\t\t<\/div>\n\t\t\t\t\t<\/div>\n\n\t\n<\/div>\n<div class=\"row row-collapse align-equal mbws-step\"  id=\"row-1951418121\">\n\n\t<div id=\"col-1195561304\" class=\"col medium-6 small-12 large-3\"  >\n\t\t\t\t<div class=\"col-inner\"  >\n\t\t\t\n\t\t\t\n\t<div class=\"box has-hover   has-hover box-text-bottom\" >\n\n\t\t<div class=\"box-image\" style=\"border-radius:100%;width:58%;\">\n\t\t\t\t\t\t<div class=\"image-cover\" style=\"padding-top:100%;\">\n\t\t\t\t<img loading=\"lazy\" decoding=\"async\" width=\"768\" height=\"431\" src=\"https:\/\/atexpress.net\/wp-content\/uploads\/2025\/09\/484-768x431.jpg\" class=\"attachment-medium_large size-medium_large\" alt=\"\" srcset=\"https:\/\/atexpress.net\/wp-content\/uploads\/2025\/09\/484-768x431.jpg 768w, https:\/\/atexpress.net\/wp-content\/uploads\/2025\/09\/484-300x168.jpg 300w, https:\/\/atexpress.net\/wp-content\/uploads\/2025\/09\/484.jpg 1000w\" sizes=\"auto, (max-width: 768px) 100vw, 768px\" \/>\t\t\t\t\t\t\t\t\t\t\t<\/div>\n\t\t\t\t\t<\/div>\n\n\t\t<div class=\"box-text text-center\" >\n\t\t\t<div class=\"box-text-inner\">\n\t\t\t\t\n\t<div id=\"text-1807976736\" class=\"text step-title\">\n\t\t\n<h3>\u0110\u1ea0I DI\u1ec6N THU\u1ebe &amp; T\u00c0I KHO\u1ea2N NG\u00c2N H\u00c0NG<\/h3>\n\t\t\n<style>\n#text-1807976736 {\n  font-size: 1.15rem;\n}\n<\/style>\n\t<\/div>\n\t\n\t\t\t<\/div>\n\t\t<\/div>\n\t<\/div>\n\t\n<div class=\"row\"  id=\"row-1053768576\">\n\n\t<div id=\"col-998361678\" class=\"col small-12 large-12\"  >\n\t\t\t\t<div class=\"col-inner dark\" style=\"background-color:rgb(32, 56, 88);\" >\n\t\t\t\n\t\t\t\n<p data-start=\"60\" data-end=\"200\">Ch\u1ec9 \u0111\u1ecbnh <strong>AT Express<\/strong> l\u00e0m \u0111\u1ea1i di\u1ec7n thu\u1ebf v\u00e0 m\u1edf t\u00e0i kho\u1ea3n ng\u00e2n h\u00e0ng c\u00e1 nh\u00e2n t\u1ea1i B\u1ed3 \u0110\u00e0o Nha.<\/p>\n\t\t<\/div>\n\t\t\t\t\n<style>\n#col-998361678 > .col-inner {\n  padding: 20px 15px 40px 15px;\n}\n<\/style>\n\t<\/div>\n\n\t\n<\/div>\n\t\t<\/div>\n\t\t\t\t\t<\/div>\n\n\t\n\n\t<div id=\"col-633617662\" class=\"col medium-6 small-12 large-3\"  >\n\t\t\t\t<div class=\"col-inner\"  >\n\t\t\t\n\t\t\t\n\t<div class=\"box has-hover   has-hover box-text-bottom\" >\n\n\t\t<div class=\"box-image\" style=\"border-radius:100%;width:58%;\">\n\t\t\t\t\t\t<div class=\"image-cover\" style=\"padding-top:100%;\">\n\t\t\t\t<img loading=\"lazy\" decoding=\"async\" width=\"768\" height=\"512\" src=\"https:\/\/atexpress.net\/wp-content\/uploads\/2025\/09\/19827-768x512.jpg\" class=\"attachment-medium_large size-medium_large\" alt=\"\" srcset=\"https:\/\/atexpress.net\/wp-content\/uploads\/2025\/09\/19827-768x512.jpg 768w, https:\/\/atexpress.net\/wp-content\/uploads\/2025\/09\/19827-300x200.jpg 300w, https:\/\/atexpress.net\/wp-content\/uploads\/2025\/09\/19827.jpg 1000w\" sizes=\"auto, (max-width: 768px) 100vw, 768px\" \/>\t\t\t\t\t\t\t\t\t\t\t<\/div>\n\t\t\t\t\t<\/div>\n\n\t\t<div class=\"box-text text-center\" >\n\t\t\t<div class=\"box-text-inner\">\n\t\t\t\t\n\t<div id=\"text-1012608746\" class=\"text step-title\">\n\t\t\n<h3>CH\u1ed6 \u1ede<\/h3>\n\t\t\n<style>\n#text-1012608746 {\n  font-size: 1.15rem;\n}\n<\/style>\n\t<\/div>\n\t\n\t\t\t<\/div>\n\t\t<\/div>\n\t<\/div>\n\t\n<div class=\"row\"  id=\"row-589205308\">\n\n\t<div id=\"col-1893421996\" class=\"col small-12 large-12\"  >\n\t\t\t\t<div class=\"col-inner dark\" style=\"background-color:rgb(46, 85, 123);\" >\n\t\t\t\n\t\t\t\n<p data-start=\"202\" data-end=\"303\">\u0110\u1ea3m b\u1ea3o c\u00f3 ch\u1ed7 \u1edf d\u00e0i h\u1ea1n t\u1ea1i B\u1ed3 \u0110\u00e0o Nha th\u00f4ng qua mua, thu\u00ea ho\u1eb7c h\u1ee3p \u0111\u1ed3ng vay.<\/p>\n\t\t<\/div>\n\t\t\t\t\n<style>\n#col-1893421996 > .col-inner {\n  padding: 20px 15px 15px 15px;\n}\n<\/style>\n\t<\/div>\n\n\t\n<\/div>\n\t\t<\/div>\n\t\t\t\t\t<\/div>\n\n\t\n\n\t<div id=\"col-968502016\" class=\"col medium-6 small-12 large-3\"  >\n\t\t\t\t<div class=\"col-inner\"  >\n\t\t\t\n\t\t\t\n\t<div class=\"box has-hover   has-hover box-text-bottom\" >\n\n\t\t<div class=\"box-image\" style=\"border-radius:100%;width:58%;\">\n\t\t\t\t\t\t<div class=\"image-cover\" style=\"padding-top:100%;\">\n\t\t\t\t<img loading=\"lazy\" decoding=\"async\" width=\"768\" height=\"512\" src=\"https:\/\/atexpress.net\/wp-content\/uploads\/2025\/09\/2149117760-768x512.jpg\" class=\"attachment-medium_large size-medium_large\" alt=\"\" srcset=\"https:\/\/atexpress.net\/wp-content\/uploads\/2025\/09\/2149117760-768x512.jpg 768w, https:\/\/atexpress.net\/wp-content\/uploads\/2025\/09\/2149117760-300x200.jpg 300w, https:\/\/atexpress.net\/wp-content\/uploads\/2025\/09\/2149117760.jpg 1000w\" sizes=\"auto, (max-width: 768px) 100vw, 768px\" \/>\t\t\t\t\t\t\t\t\t\t\t<\/div>\n\t\t\t\t\t<\/div>\n\n\t\t<div class=\"box-text text-center\" >\n\t\t\t<div class=\"box-text-inner\">\n\t\t\t\t\n\t<div id=\"text-3299726764\" class=\"text step-title\">\n\t\t\n<h3>N\u1ed8P H\u1ed2 S\u01a0 VISA D7<\/h3>\n\t\t\n<style>\n#text-3299726764 {\n  font-size: 1.15rem;\n}\n<\/style>\n\t<\/div>\n\t\n\t\t\t<\/div>\n\t\t<\/div>\n\t<\/div>\n\t\n<div class=\"row\"  id=\"row-1330587867\">\n\n\t<div id=\"col-745118830\" class=\"col small-12 large-12\"  >\n\t\t\t\t<div class=\"col-inner dark\" style=\"background-color:rgb(46, 111, 174);\" >\n\t\t\t\n\t\t\t\n<p data-start=\"305\" data-end=\"409\">N\u1ed9p \u0111\u01a1n xin Visa D7 v\u00e0 tham d\u1ef1 ph\u1ecfng v\u1ea5n t\u1ea1i L\u00e3nh s\u1ef1 qu\u00e1n B\u1ed3 \u0110\u00e0o Nha.<\/p>\n\t\t<\/div>\n\t\t\t\t\n<style>\n#col-745118830 > .col-inner {\n  padding: 20px 15px 15px 15px;\n}\n<\/style>\n\t<\/div>\n\n\t\n<\/div>\n\t\t<\/div>\n\t\t\t\t\t<\/div>\n\n\t\n\n\t<div id=\"col-1265079865\" class=\"col medium-6 small-12 large-3\"  >\n\t\t\t\t<div class=\"col-inner\"  >\n\t\t\t\n\t\t\t\n\t<div class=\"box has-hover   has-hover box-text-bottom\" >\n\n\t\t<div class=\"box-image\" style=\"border-radius:100%;width:58%;\">\n\t\t\t\t\t\t<div class=\"image-cover\" style=\"padding-top:100%;\">\n\t\t\t\t<img loading=\"lazy\" decoding=\"async\" width=\"667\" height=\"1000\" src=\"https:\/\/atexpress.net\/wp-content\/uploads\/2025\/09\/2149445130.jpg\" class=\"attachment-medium_large size-medium_large\" alt=\"\" srcset=\"https:\/\/atexpress.net\/wp-content\/uploads\/2025\/09\/2149445130.jpg 667w, https:\/\/atexpress.net\/wp-content\/uploads\/2025\/09\/2149445130-200x300.jpg 200w\" sizes=\"auto, (max-width: 667px) 100vw, 667px\" \/>\t\t\t\t\t\t\t\t\t\t\t<\/div>\n\t\t\t\t\t<\/div>\n\n\t\t<div class=\"box-text text-center\" >\n\t\t\t<div class=\"box-text-inner\">\n\t\t\t\t\n\t<div id=\"text-1396229055\" class=\"text step-title\">\n\t\t\n<h3>TH\u1eba C\u01af TR\u00da<\/h3>\n\t\t\n<style>\n#text-1396229055 {\n  font-size: 1.15rem;\n}\n<\/style>\n\t<\/div>\n\t\n\t\t\t<\/div>\n\t\t<\/div>\n\t<\/div>\n\t\n<div class=\"row\"  id=\"row-1840772391\">\n\n\t<div id=\"col-864167646\" class=\"col small-12 large-12\"  >\n\t\t\t\t<div class=\"col-inner dark\" style=\"background-color:rgb(104, 150, 194);\" >\n\t\t\t\n\t\t\t\n<p data-start=\"411\" data-end=\"500\">\u0110\u1eb7t l\u1ecbch h\u1eb9n v\u1edbi AIMA \u0111\u1ec3 ho\u00e0n t\u1ea5t th\u1ee7 t\u1ee5c v\u00e0 nh\u1eadn th\u1ebb c\u01b0 tr\u00fa.<\/p>\n\t\t<\/div>\n\t\t\t\t\n<style>\n#col-864167646 > .col-inner {\n  padding: 20px 15px 15px 15px;\n}\n<\/style>\n\t<\/div>\n\n\t\n<\/div>\n\t\t<\/div>\n\t\t\t\t\t<\/div>\n\n\t\n<\/div>\n\t<div id=\"gap-1631207314\" class=\"gap-element clearfix\" style=\"display:block; height:auto;\">\n\t\t\n<style>\n#gap-1631207314 {\n  padding-top: 40px;\n}\n<\/style>\n\t<\/div>\n\t\n<div class=\"row\"  id=\"row-253369679\">\n\n<\/div>\n\t\t<\/div>\n\n\t\t\n<style>\n#section_558234030 {\n  padding-top: 40px;\n  padding-bottom: 40px;\n}\n<\/style>\n\t<\/section>\n\t\n","protected":false},"excerpt":{"rendered":"","protected":false},"author":3,"featured_media":0,"parent":0,"menu_order":0,"comment_status":"closed","ping_status":"closed","template":"page-blank.php","meta":{"inline_featured_image":false,"footnotes":""},"class_list":["post-2301","page","type-page","status-publish","hentry"],"acf":[],"_links":{"self":[{"href":"https:\/\/atexpress.net\/vi\/wp-json\/wp\/v2\/pages\/2301","targetHints":{"allow":["GET"]}}],"collection":[{"href":"https:\/\/atexpress.net\/vi\/wp-json\/wp\/v2\/pages"}],"about":[{"href":"https:\/\/atexpress.net\/vi\/wp-json\/wp\/v2\/types\/page"}],"author":[{"embeddable":true,"href":"https:\/\/atexpress.net\/vi\/wp-json\/wp\/v2\/users\/3"}],"replies":[{"embeddable":true,"href":"https:\/\/atexpress.net\/vi\/wp-json\/wp\/v2\/comments?post=2301"}],"version-history":[{"count":3,"href":"https:\/\/atexpress.net\/vi\/wp-json\/wp\/v2\/pages\/2301\/revisions"}],"predecessor-version":[{"id":2305,"href":"https:\/\/atexpress.net\/vi\/wp-json\/wp\/v2\/pages\/2301\/revisions\/2305"}],"wp:attachment":[{"href":"https:\/\/atexpress.net\/vi\/wp-json\/wp\/v2\/media?parent=2301"}],"curies":[{"name":"wp","href":"https:\/\/api.w.org\/{rel}","templated":true}]}}