{"id":245,"date":"2024-01-31T12:31:32","date_gmt":"2024-01-31T12:31:32","guid":{"rendered":"https:\/\/atexpress.net\/?page_id=245"},"modified":"2026-02-25T20:34:21","modified_gmt":"2026-02-25T13:34:21","slug":"ve-chung-toi","status":"publish","type":"page","link":"https:\/\/atexpress.net\/vi\/ve-chung-toi\/","title":{"rendered":"V\u00ea\u0300 chu\u0301ng t\u00f4i"},"content":{"rendered":"\n\t<section class=\"section dark\" id=\"section_1327911208\">\n\t\t<div class=\"section-bg fill\" >\n\t\t\t<img loading=\"lazy\" decoding=\"async\" width=\"2107\" height=\"800\" src=\"https:\/\/atexpress.net\/wp-content\/uploads\/2025\/12\/banner-dau-trang-atexpress.png\" class=\"bg attachment-original size-original\" alt=\"\" \/>\t\t\t\t\t\t<div class=\"section-bg-overlay absolute fill\"><\/div>\n\t\t\t\n\n\t\t<\/div>\n\n\t\t\n\n\t\t<div class=\"section-content relative\">\n\t\t\t\n<div class=\"row\"  id=\"row-2070537948\">\n\n\t<div id=\"col-759379411\" class=\"col small-12 large-12\"  >\n\t\t\t\t<div class=\"col-inner\"  >\n\t\t\t\n\t\t\t\n\t<div id=\"text-1462055072\" class=\"text\">\n\t\t\n<h1>V\u00ea\u0300 chu\u0301ng t\u00f4i<\/h1>\n\t\t\n<style>\n#text-1462055072 {\n  font-size: 1.7rem;\n  text-align: center;\n}\n@media (min-width:550px) {\n  #text-1462055072 {\n    text-align: center;\n  }\n}\n@media (min-width:850px) {\n  #text-1462055072 {\n    font-size: 1.5rem;\n    text-align: center;\n  }\n}\n<\/style>\n\t<\/div>\n\t\n\t\t<\/div>\n\t\t\t\t\n<style>\n#col-759379411 > .col-inner {\n  margin: 0px 0px -50px 0px;\n}\n@media (min-width:850px) {\n  #col-759379411 > .col-inner {\n    margin: 0px 0px -50px 0px;\n  }\n}\n<\/style>\n\t<\/div>\n\n\t\n<\/div>\n\t\t<\/div>\n\n\t\t\n<style>\n#section_1327911208 {\n  padding-top: 30px;\n  padding-bottom: 30px;\n  min-height: 335px;\n}\n#section_1327911208 .section-bg-overlay {\n  background-color: rgba(0, 0, 0, 0.267);\n}\n@media (min-width:850px) {\n  #section_1327911208 {\n    min-height: 550px;\n  }\n}\n<\/style>\n\t<\/section>\n\t\n\n\t<section class=\"section mbws_about\" id=\"section_2026288389\">\n\t\t<div class=\"section-bg fill\" >\n\t\t\t\t\t\t\t\t\t\n\t\t\t\n\n\t\t<\/div>\n\n\t\t\n\n\t\t<div class=\"section-content relative\">\n\t\t\t\n<div class=\"row align-middle\"  id=\"row-1242741120\">\n\n\t<div id=\"col-2142636149\" class=\"col medium-12 small-12 large-6\"  data-animate=\"fadeInDown\">\n\t\t\t\t<div class=\"col-inner\"  >\n\t\t\t\n\t\t\t\n<p style=\"text-align: justify;\">AT Express v\u1edbi h\u01a1n 20 n\u0103m kinh nghi\u1ec7m trong li\u0303nh v\u01b0\u0323c \u0111\u00e2\u0300u t\u01b0 qu\u00f4\u0301c t\u00ea\u0301 va\u0300 tha\u0300nh l\u00e2\u0323p doanh nghi\u00ea\u0323p. Chu\u0301ng t\u00f4i cung c\u1ea5p d\u1ecbch v\u1ee5 chuy\u00ean nghi\u1ec7p v\u00ea\u0300 t\u01b0 v\u00e2\u0301n \u0111\u00e2\u0300u t\u01b0 di \u0111i\u0323nh c\u01b0, b\u1ea5t \u0111\u1ed9ng s\u1ea3n v\u00e0 t\u01b0 v\u1ea5n doanh nghi\u00ea\u0323p t\u1ea1i ch\u00e2u \u00c2u, ch\u00e2u \u00c1, Carib\u00ea v\u00e0 nhi\u1ec1u qu\u00f4\u0301c gia kha\u0301c. H\u1ee3p t\u00e1c v\u1edbi c\u00e1c h\u00e3ng lu\u1eadt l\u1edbn tr\u00ean th\u1ebf gi\u1edbi, c\u00e1c nh\u00e0 ph\u00e1t tri\u1ec3n d\u1ef1 \u00e1n v\u00e0 c\u00e1c chuy\u00ean gia t\u01b0 v\u1ea5n h\u00e0ng \u0111\u1ea7u t\u1ea1i M\u1ef9, Caribbean, Ch\u00e2u \u00c2u, Ch\u00e2u \u00c1\u2026 Ch\u00fang t\u00f4i cam k\u1ebft mang \u0111\u1ebfn d\u1ecbch v\u1ee5 chuy\u00ean nghi\u1ec7p, an to\u00e0n v\u1edbi \u0111\u1ed9 b\u1ea3o m\u1eadt cao nh\u00e2\u0301t cho kha\u0301ch ha\u0300ng.<\/p>\n<p style=\"text-align: justify;\">Chu\u0301ng t\u00f4i \u0111a\u0303 va\u0300 \u0111ang \u0111\u1ed3ng h\u00e0nh c\u00f9ng nhi\u00ea\u0300u gia \u0111i\u0300nh trong h\u00e0nh tr\u00ecnh \u0111\u00e2\u0300u t\u01b0 va\u0300 \u0111\u1ecbnh c\u01b0 to\u00e0n c\u1ea7u, cung c\u1ea5p d\u1ecbch v\u1ee5 t\u01b0 v\u1ea5n, h\u1ed3 s\u01a1 v\u00e0 h\u1ed7 tr\u1ee3 tr\u1ecdn g\u00f3i gi\u00fap kha\u0301ch ha\u0300ng va\u0300 gia \u0111\u00ecnh d\u1ec5 d\u00e0ng an c\u01b0, h\u1ecdc t\u1eadp v\u00e0 kinh doanh t\u1ea1i c\u00e1c qu\u1ed1c gia ph\u00e1t tri\u1ec3n. AT Express tr\u01a1\u0309 tha\u0300nh \u0111\u00f4\u0301i ta\u0301c \u0111a\u0301ng tin c\u00e2\u0323y trong ha\u0300nh tri\u0300nh \u0111\u00e2\u0300u t\u01b0 toa\u0300n c\u00e2\u0300u cu\u0309a nhi\u00ea\u0300u nha\u0300 \u0111\u00e2\u0300u t\u01b0.<\/p>\n<div class=\"row\"  id=\"row-2133267986\">\n\n\t<div id=\"col-1598465813\" class=\"col medium-6 small-12 large-6\"  >\n\t\t\t\t<div class=\"col-inner\"  >\n\t\t\t\n\t\t\t\n\t<div class=\"ux-menu stack stack-col justify-start\">\n\t\t\n\t<div class=\"ux-menu-link flex menu-item\">\n\t\t<a class=\"ux-menu-link__link flex\" href=\"https:\/\/atexpress.net\" >\n\t\t\t<i class=\"ux-menu-link__icon text-center icon-checkmark\" ><\/i>\t\t\t<span class=\"ux-menu-link__text\">\n\t\t\t\tTr\u00ecnh \u0111\u1ed9 chuy\u00ean m\u00f4n cao\t\t\t<\/span>\n\t\t<\/a>\n\t<\/div>\n\t\n\t<div class=\"ux-menu-link flex menu-item\">\n\t\t<a class=\"ux-menu-link__link flex\" href=\"https:\/\/atexpress.net\" >\n\t\t\t<i class=\"ux-menu-link__icon text-center icon-checkmark\" ><\/i>\t\t\t<span class=\"ux-menu-link__text\">\n\t\t\t\t\u0110\u00f4\u0301i ta\u0301c gia\u0300u kinh nghi\u00ea\u0323m\t\t\t<\/span>\n\t\t<\/a>\n\t<\/div>\n\t\n\t<div class=\"ux-menu-link flex menu-item\">\n\t\t<a class=\"ux-menu-link__link flex\" href=\"https:\/\/atexpress.net\" >\n\t\t\t<i class=\"ux-menu-link__icon text-center icon-checkmark\" ><\/i>\t\t\t<span class=\"ux-menu-link__text\">\n\t\t\t\tQuy tr\u00ecnh r\u00f5 r\u00e0ng\t\t\t<\/span>\n\t\t<\/a>\n\t<\/div>\n\t\n\t<\/div>\n\t\n\t\t<\/div>\n\t\t\t\t\t<\/div>\n\n\t\n\n\t<div id=\"col-2084084162\" class=\"col medium-6 small-12 large-6\"  >\n\t\t\t\t<div class=\"col-inner\"  >\n\t\t\t\n\t\t\t\n\t<div class=\"ux-menu stack stack-col justify-start\">\n\t\t\n\t<div class=\"ux-menu-link flex menu-item\">\n\t\t<a class=\"ux-menu-link__link flex\" href=\"https:\/\/atexpress.net\" >\n\t\t\t<i class=\"ux-menu-link__icon text-center icon-checkmark\" ><\/i>\t\t\t<span class=\"ux-menu-link__text\">\n\t\t\t\tT\u01b0 v\u1ea5n t\u1eadn t\u00e2m\t\t\t<\/span>\n\t\t<\/a>\n\t<\/div>\n\t\n\t<div class=\"ux-menu-link flex menu-item\">\n\t\t<a class=\"ux-menu-link__link flex\" href=\"https:\/\/atexpress.net\" >\n\t\t\t<i class=\"ux-menu-link__icon text-center icon-checkmark\" ><\/i>\t\t\t<span class=\"ux-menu-link__text\">\n\t\t\t\tCh\u00e2\u0301t l\u01b0\u01a1\u0323ng ta\u0323o uy ti\u0301n\t\t\t<\/span>\n\t\t<\/a>\n\t<\/div>\n\t\n\t<div class=\"ux-menu-link flex menu-item\">\n\t\t<a class=\"ux-menu-link__link flex\" href=\"https:\/\/atexpress.net\" >\n\t\t\t<i class=\"ux-menu-link__icon text-center icon-checkmark\" ><\/i>\t\t\t<span class=\"ux-menu-link__text\">\n\t\t\t\tGi\u00e1 c\u1ea3 h\u1ee3p l\u00fd\t\t\t<\/span>\n\t\t<\/a>\n\t<\/div>\n\t\n\t<\/div>\n\t\n\t\t<\/div>\n\t\t\t\t\t<\/div>\n\n\t\n<\/div>\n\t\t<\/div>\n\t\t\t\t\t<\/div>\n\n\t\n\n\t<div id=\"col-1899223071\" class=\"col medium-12 small-12 large-6\"  data-animate=\"fadeInUp\">\n\t\t\t\t<div class=\"col-inner\"  >\n\t\t\t\n\t\t\t\n\n  \n    <div class=\"row large-columns-2 medium-columns-2 small-columns-\" >\n  <div class=\"gallery-col col\" >\n          <div class=\"col-inner\">\n                        <div class=\"box has-hover gallery-box box-none\">\n              <div class=\"box-image image-zoom image-cover\" style=\"padding-top:75%;\">\n                <img loading=\"lazy\" decoding=\"async\" width=\"300\" height=\"200\" src=\"https:\/\/atexpress.net\/wp-content\/uploads\/2025\/09\/2-300x200.png\" class=\"attachment-medium size-medium\" alt=\"\" ids=\"2104,2100,1549,2116\" style=\"none\" lightbox=\"false\" columns=\"2\" columns__md=\"2\" image_height=\"75%\" image_hover=\"zoom\" srcset=\"https:\/\/atexpress.net\/wp-content\/uploads\/2025\/09\/2-300x200.png 300w, https:\/\/atexpress.net\/wp-content\/uploads\/2025\/09\/2.png 600w\" sizes=\"auto, (max-width: 300px) 100vw, 300px\" \/>                                                              <\/div>\n              <div class=\"box-text text-left\" >\n                 <p><\/p>\n              <\/div>\n            <\/div>\n                      <\/div>\n         <\/div><div class=\"gallery-col col\" >\n          <div class=\"col-inner\">\n                        <div class=\"box has-hover gallery-box box-none\">\n              <div class=\"box-image image-zoom image-cover\" style=\"padding-top:75%;\">\n                <img loading=\"lazy\" decoding=\"async\" width=\"300\" height=\"200\" src=\"https:\/\/atexpress.net\/wp-content\/uploads\/2025\/09\/1-300x200.png\" class=\"attachment-medium size-medium\" alt=\"\" ids=\"2104,2100,1549,2116\" style=\"none\" lightbox=\"false\" columns=\"2\" columns__md=\"2\" image_height=\"75%\" image_hover=\"zoom\" srcset=\"https:\/\/atexpress.net\/wp-content\/uploads\/2025\/09\/1-300x200.png 300w, https:\/\/atexpress.net\/wp-content\/uploads\/2025\/09\/1.png 600w\" sizes=\"auto, (max-width: 300px) 100vw, 300px\" \/>                                                              <\/div>\n              <div class=\"box-text text-left\" >\n                 <p><\/p>\n              <\/div>\n            <\/div>\n                      <\/div>\n         <\/div><div class=\"gallery-col col\" >\n          <div class=\"col-inner\">\n                        <div class=\"box has-hover gallery-box box-none\">\n              <div class=\"box-image image-zoom image-cover\" style=\"padding-top:75%;\">\n                <img loading=\"lazy\" decoding=\"async\" width=\"300\" height=\"200\" src=\"https:\/\/atexpress.net\/wp-content\/uploads\/2025\/09\/cap-nhat-muc-dau-tu-cac-chuong-trinh-quoc-tich-caribe-moi-nhat-2024-1544-1-e1758011651802-300x200.jpg\" class=\"attachment-medium size-medium\" alt=\"\" ids=\"2104,2100,1549,2116\" style=\"none\" lightbox=\"false\" columns=\"2\" columns__md=\"2\" image_height=\"75%\" image_hover=\"zoom\" srcset=\"https:\/\/atexpress.net\/wp-content\/uploads\/2025\/09\/cap-nhat-muc-dau-tu-cac-chuong-trinh-quoc-tich-caribe-moi-nhat-2024-1544-1-e1758011651802-300x200.jpg 300w, https:\/\/atexpress.net\/wp-content\/uploads\/2025\/09\/cap-nhat-muc-dau-tu-cac-chuong-trinh-quoc-tich-caribe-moi-nhat-2024-1544-1-e1758011651802.jpg 600w\" sizes=\"auto, (max-width: 300px) 100vw, 300px\" \/>                                                              <\/div>\n              <div class=\"box-text text-left\" >\n                 <p><\/p>\n              <\/div>\n            <\/div>\n                      <\/div>\n         <\/div><div class=\"gallery-col col\" >\n          <div class=\"col-inner\">\n                        <div class=\"box has-hover gallery-box box-none\">\n              <div class=\"box-image image-zoom image-cover\" style=\"padding-top:75%;\">\n                <img loading=\"lazy\" decoding=\"async\" width=\"300\" height=\"200\" src=\"https:\/\/atexpress.net\/wp-content\/uploads\/2025\/09\/5-300x200.png\" class=\"attachment-medium size-medium\" alt=\"\" ids=\"2104,2100,1549,2116\" style=\"none\" lightbox=\"false\" columns=\"2\" columns__md=\"2\" image_height=\"75%\" image_hover=\"zoom\" srcset=\"https:\/\/atexpress.net\/wp-content\/uploads\/2025\/09\/5-300x200.png 300w, https:\/\/atexpress.net\/wp-content\/uploads\/2025\/09\/5.png 600w\" sizes=\"auto, (max-width: 300px) 100vw, 300px\" \/>                                                              <\/div>\n              <div class=\"box-text text-left\" >\n                 <p><\/p>\n              <\/div>\n            <\/div>\n                      <\/div>\n         <\/div><\/div>\n\t\t<\/div>\n\t\t\t\t\t<\/div>\n\n\t\n<\/div>\n\t\t<\/div>\n\n\t\t\n<style>\n#section_2026288389 {\n  padding-top: 60px;\n  padding-bottom: 60px;\n}\n<\/style>\n\t<\/section>\n\t\n\n\t<section class=\"section mbws_slogan dark\" id=\"section_1214177715\">\n\t\t<div class=\"section-bg fill\" >\n\t\t\t\t\t\t\t\t\t\n\t\t\t\n\n\t\t<\/div>\n\n\t\t\n\n\t\t<div class=\"section-content relative\">\n\t\t\t\n<div class=\"row align-center\"  id=\"row-2033909144\">\n\n\t<div id=\"col-1290573596\" class=\"col pb-0 medium-10 small-12 large-7\"  data-animate=\"bounceInUp\">\n\t\t\t\t<div class=\"col-inner text-center\"  >\n\t\t\t\n\t\t\t\n\n\t\t<div class=\"icon-box featured-box icon-box-top text-left\"  >\n\t\t\t\t\t<div class=\"icon-box-img\" style=\"width: 60px\">\n\t\t\t\t<div class=\"icon\">\n\t\t\t\t\t<div class=\"icon-inner\" style=\"color:#fffff1;\">\n\t\t\t\t\t\t<?xml version=\"1.0\" encoding=\"UTF-8\"?>\n<!-- Generator: Adobe Illustrator 16.0.0, SVG Export Plug-In . SVG Version: 6.00 Build 0)  -->\n<svg xmlns=\"http:\/\/www.w3.org\/2000\/svg\" xmlns:xlink=\"http:\/\/www.w3.org\/1999\/xlink\" version=\"1.1\" id=\"Capa_1\" x=\"0px\" y=\"0px\" width=\"123.961px\" height=\"123.961px\" viewBox=\"0 0 123.961 123.961\" style=\"enable-background:new 0 0 123.961 123.961;\" xml:space=\"preserve\">\n<g>\n\t<path d=\"M49.8,29.032c3.1-1.3,4.4-5,3-8l-4.9-10.3c-1.4-2.899-4.8-4.2-7.8-2.899c-8.5,3.6-15.8,8.3-21.6,14   C11.4,28.532,6.6,36.232,4,44.732c-2.6,8.601-4,20.3-4,35.2v30.7c0,3.3,2.7,6,6,6h39.3c3.3,0,6-2.7,6-6v-39.3c0-3.301-2.7-6-6-6   H26.5c0.2-10.101,2.6-18.2,7-24.301C37.1,36.133,42.5,32.133,49.8,29.032z\"><\/path>\n\t<path d=\"M120.4,29.032c3.1-1.3,4.399-5,3-8l-4.9-10.199c-1.4-2.9-4.8-4.2-7.8-2.9c-8.4,3.6-15.601,8.3-21.5,13.9   c-7.101,6.8-12,14.5-14.601,23c-2.6,8.399-3.899,20.1-3.899,35.1v30.7c0,3.3,2.7,6,6,6H116c3.3,0,6-2.7,6-6v-39.3   c0-3.301-2.7-6-6-6H97.1c0.2-10.101,2.601-18.2,7-24.301C107.7,36.133,113.1,32.133,120.4,29.032z\"><\/path>\n<\/g>\n<g>\n<\/g>\n<g>\n<\/g>\n<g>\n<\/g>\n<g>\n<\/g>\n<g>\n<\/g>\n<g>\n<\/g>\n<g>\n<\/g>\n<g>\n<\/g>\n<g>\n<\/g>\n<g>\n<\/g>\n<g>\n<\/g>\n<g>\n<\/g>\n<g>\n<\/g>\n<g>\n<\/g>\n<g>\n<\/g>\n<\/svg>\n\t\t\t\t\t<\/div>\n\t\t\t\t<\/div>\n\t\t\t<\/div>\n\t\t\t\t<div class=\"icon-box-text last-reset\">\n\t\t\t\t\t\t\t\t\t\n\t<div id=\"text-3083013178\" class=\"text\">\n\t\t\n<h2 class=\"elementor-testimonial-name\">\u201cAT Express cung c\u1ea5p gi\u1ea3i ph\u00e1p \u0111\u1ea7u t\u01b0 qu\u1ed1c t\u1ebf \u0111\u00e1ng tin c\u1eady, minh b\u1ea1ch v\u00e0 \u0111\u01b0\u1ee3c thi\u1ebft k\u1ebf ph\u00f9 h\u1ee3p v\u1edbi m\u1ee5c ti\u00eau d\u00e0i h\u1ea1n c\u1ee7a t\u1eebng kh\u00e1ch h\u00e0ng\u201d<\/h2>\n<h3 class=\"elementor-testimonial-name\"><\/h3>\n<p class=\"elementor-testimonial-name\">S\u1ef1 h\u00e0i l\u00f2ng c\u1ee7a kh\u00e1ch h\u00e0ng l\u00e0 m\u1ee5c ti\u00eau c\u1ee7a ch\u00fang t\u00f4i.<\/p>\n\t\t\n<style>\n#text-3083013178 {\n  text-align: center;\n}\n<\/style>\n\t<\/div>\n\t\n<p style=\"text-align: center;\">AT Express lu\u00f4n \u0111\u1eb7t ch\u1ea5t l\u01b0\u1ee3ng d\u1ecbch v\u1ee5 v\u00e0 s\u1ef1 h\u00e0i l\u00f2ng c\u1ee7a kh\u00e1ch h\u00e0ng l\u00ean h\u00e0ng \u0111\u1ea7u.<br \/>\nCh\u00fang t\u00f4i cam k\u1ebft cung c\u1ea5p c\u00e1c gi\u1ea3i ph\u00e1p di tr\u00fa v\u00e0 \u0111\u1ea7u t\u01b0 ch\u1ea5t l\u01b0\u1ee3ng cao v\u1edbi chi ph\u00ed h\u1ee3p l\u00fd, \u0111\u01b0\u1ee3c thi\u1ebft k\u1ebf ri\u00eang \u0111\u1ec3 \u0111\u00e1p \u1ee9ng m\u1ecdi nhu c\u1ea7u c\u1ee7a kh\u00e1ch h\u00e0ng.<\/p>\n\t\t<\/div>\n\t<\/div>\n\t\n\t\n\t\t<\/div>\n\t\t\t\t\t<\/div>\n\n\t\n<\/div>\n\t\t<\/div>\n\n\t\t\n<style>\n#section_1214177715 {\n  padding-top: 100px;\n  padding-bottom: 100px;\n  background-color: #002240;\n}\n<\/style>\n\t<\/section>\n\t\n<div class=\"is-divider divider clearfix\" ><\/div>\n","protected":false},"excerpt":{"rendered":"","protected":false},"author":1,"featured_media":0,"parent":0,"menu_order":0,"comment_status":"closed","ping_status":"closed","template":"page-blank.php","meta":{"inline_featured_image":false,"footnotes":""},"class_list":["post-245","page","type-page","status-publish","hentry"],"acf":[],"_links":{"self":[{"href":"https:\/\/atexpress.net\/vi\/wp-json\/wp\/v2\/pages\/245","targetHints":{"allow":["GET"]}}],"collection":[{"href":"https:\/\/atexpress.net\/vi\/wp-json\/wp\/v2\/pages"}],"about":[{"href":"https:\/\/atexpress.net\/vi\/wp-json\/wp\/v2\/types\/page"}],"author":[{"embeddable":true,"href":"https:\/\/atexpress.net\/vi\/wp-json\/wp\/v2\/users\/1"}],"replies":[{"embeddable":true,"href":"https:\/\/atexpress.net\/vi\/wp-json\/wp\/v2\/comments?post=245"}],"version-history":[{"count":40,"href":"https:\/\/atexpress.net\/vi\/wp-json\/wp\/v2\/pages\/245\/revisions"}],"predecessor-version":[{"id":3929,"href":"https:\/\/atexpress.net\/vi\/wp-json\/wp\/v2\/pages\/245\/revisions\/3929"}],"wp:attachment":[{"href":"https:\/\/atexpress.net\/vi\/wp-json\/wp\/v2\/media?parent=245"}],"curies":[{"name":"wp","href":"https:\/\/api.w.org\/{rel}","templated":true}]}}