{"id":2470,"date":"2025-09-19T15:08:15","date_gmt":"2025-09-19T08:08:15","guid":{"rendered":"https:\/\/atexpress.net\/?page_id=2470"},"modified":"2026-04-20T11:07:05","modified_gmt":"2026-04-20T04:07:05","slug":"tin-tuc","status":"publish","type":"page","link":"https:\/\/atexpress.net\/vi\/tin-tuc\/","title":{"rendered":"Tin t\u1ee9c"},"content":{"rendered":"\n\t<section class=\"section align-bottom dark\" id=\"section_674529863\">\n\t\t<div class=\"section-bg fill\" >\n\t\t\t<img loading=\"lazy\" decoding=\"async\" width=\"2560\" height=\"972\" src=\"https:\/\/atexpress.net\/wp-content\/uploads\/2025\/11\/banner-dau-trang-atexpress-3-scaled.png\" class=\"bg attachment-original size-original\" alt=\"\" \/>\t\t\t\t\t\t\n\t\t\t\n\n\t\t<\/div>\n\n\t\t\n\n\t\t<div class=\"section-content relative\">\n\t\t\t\n<div class=\"row\"  id=\"row-1413462736\">\n\n\t<div id=\"col-407768062\" class=\"col medium-8 small-10 large-4\"  >\n\t\t\t\t<div class=\"col-inner\"  >\n\t\t\t\n\t<div class=\"is-border\"\n\t\tstyle=\"border-width:0px 0px 1px 0px;\">\n\t<\/div>\n\t\t\t\n\t<div id=\"text-3889319814\" class=\"text\">\n\t\t\n<h1>Tin t\u01b0\u0301c &amp; S\u01b0\u0323 ki\u00ea\u0323n<\/h1>\n\t\t\n<style>\n#text-3889319814 {\n  font-size: 1.4rem;\n}\n<\/style>\n\t<\/div>\n\t\n\t\t<\/div>\n\t\t\t\t\t<\/div>\n\n\t\n<\/div>\n\t\t<\/div>\n\n\t\t\n<style>\n#section_674529863 {\n  padding-top: 30px;\n  padding-bottom: 30px;\n  min-height: 355px;\n}\n<\/style>\n\t<\/section>\n\t\n\n\t<section class=\"section\" id=\"section_1090554405\">\n\t\t<div class=\"section-bg fill\" >\n\t\t\t\t\t\t\t\t\t\n\t\t\t\n\n\t\t<\/div>\n\n\t\t\n\n\t\t<div class=\"section-content relative\">\n\t\t\t\n\t\t<div id=\"ux-relay-1633304997\" class=\"ux-relay ux-relay--pagination\" data-flatsome-relay=\"{&quot;postType&quot;:&quot;post&quot;,&quot;tag&quot;:&quot;blog_posts&quot;,&quot;atts&quot;:{&quot;style&quot;:&quot;normal&quot;,&quot;type&quot;:&quot;row&quot;,&quot;columns&quot;:&quot;3&quot;,&quot;columns__md&quot;:&quot;1&quot;,&quot;relay&quot;:&quot;pagination&quot;,&quot;cat&quot;:&quot;50&quot;,&quot;posts&quot;:&quot;6&quot;,&quot;show_date&quot;:&quot;false&quot;,&quot;image_height&quot;:&quot;56.25%&quot;},&quot;currentPage&quot;:&quot;1&quot;,&quot;totalPages&quot;:5,&quot;totalPosts&quot;:29,&quot;postCount&quot;:6}\" >\n\t\t\n  \n    <div class=\"row large-columns-3 medium-columns-1 small-columns-1\" >\n  <div class=\"col post-item\" >\n\t\t\t<div class=\"col-inner\">\n\t\t\t\t<div class=\"box box-normal box-text-bottom box-blog-post has-hover\">\n            \t\t\t\t\t<div class=\"box-image\" >\n  \t\t\t\t\t\t<div class=\"image-cover\" style=\"padding-top:56.25%;\">\n\t\t\t\t\t\t\t<a href=\"https:\/\/atexpress.net\/vi\/dao-sip-cyprus\/\" class=\"plain\" aria-label=\"\u0110\u1ea3o S\u00edp (Cyprus) thu\u1ed9c n\u01b0\u1edbc n\u00e0o, n\u1eb1m \u01a1\u0309 \u0111\u00e2u?\">\n\t\t\t\t\t\t\t\t<img loading=\"lazy\" decoding=\"async\" width=\"300\" height=\"162\" src=\"https:\/\/atexpress.net\/wp-content\/uploads\/2025\/12\/61hdb2ay1d7s.1shutterstock_1577103922-300x162.jpg\" class=\"attachment-medium size-medium wp-post-image\" alt=\"\" srcset=\"https:\/\/atexpress.net\/wp-content\/uploads\/2025\/12\/61hdb2ay1d7s.1shutterstock_1577103922-300x162.jpg 300w, https:\/\/atexpress.net\/wp-content\/uploads\/2025\/12\/61hdb2ay1d7s.1shutterstock_1577103922-1024x553.jpg 1024w, https:\/\/atexpress.net\/wp-content\/uploads\/2025\/12\/61hdb2ay1d7s.1shutterstock_1577103922-768x414.jpg 768w, https:\/\/atexpress.net\/wp-content\/uploads\/2025\/12\/61hdb2ay1d7s.1shutterstock_1577103922.jpg 1386w\" sizes=\"auto, (max-width: 300px) 100vw, 300px\" \/>\t\t\t\t\t\t\t<\/a>\n  \t\t\t\t\t\t\t  \t\t\t\t\t\t\t  \t\t\t\t\t\t<\/div>\n  \t\t\t\t\t\t  \t\t\t\t\t<\/div>\n          \t\t\t\t\t<div class=\"box-text text-center\" >\n\t\t\t\t\t<div class=\"box-text-inner blog-post-inner\">\n\n\t\t\t\t\t\n\t\t\t\t\t\t\t\t\t\t<h5 class=\"post-title is-large \">\n\t\t\t\t\t\t<a href=\"https:\/\/atexpress.net\/vi\/dao-sip-cyprus\/\" class=\"plain\">\u0110\u1ea3o S\u00edp (Cyprus) thu\u1ed9c n\u01b0\u1edbc n\u00e0o, n\u1eb1m \u01a1\u0309 \u0111\u00e2u?<\/a>\n\t\t\t\t\t<\/h5>\n\t\t\t\t\t\t\t\t\t\t<div class=\"is-divider\"><\/div>\n\t\t\t\t\t\t\t\t\t\t<p class=\"from_the_blog_excerpt \">\n\t\t\t\t\t\tC\u1ed9ng h\u00f2a S\u00edp \u2013 h\u00f2n \u0111\u1ea3o ng\u1ecdc c\u1ee7a \u0110\u1ecba Trung H\u1ea3i \u2013 \u0111ang tr\u1edf th\u00e0nh...\t\t\t\t\t<\/p>\n\t\t\t\t\t                    \n\t\t\t\t\t\n\t\t\t\t\t\n\t\t\t\t\t<\/div>\n\t\t\t\t\t<\/div>\n\t\t\t\t\t\t\t\t\t<\/div>\n\t\t\t<\/div>\n\t\t<\/div><div class=\"col post-item\" >\n\t\t\t<div class=\"col-inner\">\n\t\t\t\t<div class=\"box box-normal box-text-bottom box-blog-post has-hover\">\n            \t\t\t\t\t<div class=\"box-image\" >\n  \t\t\t\t\t\t<div class=\"image-cover\" style=\"padding-top:56.25%;\">\n\t\t\t\t\t\t\t<a href=\"https:\/\/atexpress.net\/vi\/gia-nha-hy-lap-tang-trong-nam-2025-co-hoi-hay-ap-luc-cho-nha-dau-tu-golden-visa\/\" class=\"plain\" aria-label=\"Gi\u00e1 Nh\u00e0 Hy L\u1ea1p T\u0103ng 7,8% N\u0103m 2025: C\u01a1 H\u1ed9i Hay \u00c1p L\u1ef1c Cho Nh\u00e0 \u0110\u1ea7u T\u01b0 Golden Visa?\">\n\t\t\t\t\t\t\t\t<img loading=\"lazy\" decoding=\"async\" width=\"300\" height=\"180\" src=\"https:\/\/atexpress.net\/wp-content\/uploads\/2026\/05\/Gia-Nha-Hy-Lap-Tang-78-Nam-2025-Co-Hoi-Hay-Ap-Luc-Cho-Nha-Dau-Tu-Golden-Visa-300x180.png\" class=\"attachment-medium size-medium wp-post-image\" alt=\"\" srcset=\"https:\/\/atexpress.net\/wp-content\/uploads\/2026\/05\/Gia-Nha-Hy-Lap-Tang-78-Nam-2025-Co-Hoi-Hay-Ap-Luc-Cho-Nha-Dau-Tu-Golden-Visa-300x180.png 300w, https:\/\/atexpress.net\/wp-content\/uploads\/2026\/05\/Gia-Nha-Hy-Lap-Tang-78-Nam-2025-Co-Hoi-Hay-Ap-Luc-Cho-Nha-Dau-Tu-Golden-Visa-1024x614.png 1024w, https:\/\/atexpress.net\/wp-content\/uploads\/2026\/05\/Gia-Nha-Hy-Lap-Tang-78-Nam-2025-Co-Hoi-Hay-Ap-Luc-Cho-Nha-Dau-Tu-Golden-Visa-768x461.png 768w, https:\/\/atexpress.net\/wp-content\/uploads\/2026\/05\/Gia-Nha-Hy-Lap-Tang-78-Nam-2025-Co-Hoi-Hay-Ap-Luc-Cho-Nha-Dau-Tu-Golden-Visa-1536x922.png 1536w, https:\/\/atexpress.net\/wp-content\/uploads\/2026\/05\/Gia-Nha-Hy-Lap-Tang-78-Nam-2025-Co-Hoi-Hay-Ap-Luc-Cho-Nha-Dau-Tu-Golden-Visa.png 1875w\" sizes=\"auto, (max-width: 300px) 100vw, 300px\" \/>\t\t\t\t\t\t\t<\/a>\n  \t\t\t\t\t\t\t  \t\t\t\t\t\t\t  \t\t\t\t\t\t<\/div>\n  \t\t\t\t\t\t  \t\t\t\t\t<\/div>\n          \t\t\t\t\t<div class=\"box-text text-center\" >\n\t\t\t\t\t<div class=\"box-text-inner blog-post-inner\">\n\n\t\t\t\t\t\n\t\t\t\t\t\t\t\t\t\t<h5 class=\"post-title is-large \">\n\t\t\t\t\t\t<a href=\"https:\/\/atexpress.net\/vi\/gia-nha-hy-lap-tang-trong-nam-2025-co-hoi-hay-ap-luc-cho-nha-dau-tu-golden-visa\/\" class=\"plain\">Gi\u00e1 Nh\u00e0 Hy L\u1ea1p T\u0103ng 7,8% N\u0103m 2025: C\u01a1 H\u1ed9i Hay \u00c1p L\u1ef1c Cho Nh\u00e0 \u0110\u1ea7u T\u01b0 Golden Visa?<\/a>\n\t\t\t\t\t<\/h5>\n\t\t\t\t\t\t\t\t\t\t<div class=\"is-divider\"><\/div>\n\t\t\t\t\t\t\t\t\t\t<p class=\"from_the_blog_excerpt \">\n\t\t\t\t\t\tTh\u1ecb tr\u01b0\u1eddng b\u1ea5t \u0111\u1ed9ng s\u1ea3n t\u1ea1i Hy L\u1ea1p ti\u1ebfp t\u1ee5c ghi nh\u1eadn \u0111\u00e0 t\u0103ng tr\u01b0\u1edfng...\t\t\t\t\t<\/p>\n\t\t\t\t\t                    \n\t\t\t\t\t\n\t\t\t\t\t\n\t\t\t\t\t<\/div>\n\t\t\t\t\t<\/div>\n\t\t\t\t\t\t\t\t\t<\/div>\n\t\t\t<\/div>\n\t\t<\/div><div class=\"col post-item\" >\n\t\t\t<div class=\"col-inner\">\n\t\t\t\t<div class=\"box box-normal box-text-bottom box-blog-post has-hover\">\n            \t\t\t\t\t<div class=\"box-image\" >\n  \t\t\t\t\t\t<div class=\"image-cover\" style=\"padding-top:56.25%;\">\n\t\t\t\t\t\t\t<a href=\"https:\/\/atexpress.net\/vi\/3-thay-doi-quan-trong-nha-dau-tu-can-biet-ve-chuong-trinh-dinh-cu-hy-lap\/\" class=\"plain\" aria-label=\"Th\u00f4ng ba\u0301o m\u01a1\u0301i nh\u00e2\u0301t v\u00ea\u0300 ch\u01b0\u01a1ng tr\u00ecnh \u0111\u1ecbnh c\u01b0 Hy L\u1ea1p: 3 thay \u0111\u1ed5i quan tr\u1ecdng nh\u00e0 \u0111\u1ea7u t\u01b0 c\u1ea7n bi\u1ebft\">\n\t\t\t\t\t\t\t\t<img loading=\"lazy\" decoding=\"async\" width=\"300\" height=\"180\" src=\"https:\/\/atexpress.net\/wp-content\/uploads\/2026\/05\/Thong-bao-moi-nhat-ve-chuong-trinh-dinh-cu-Hy-Lap-3-thay-doi-quan-trong-nha-dau-tu-can-biet-300x180.png\" class=\"attachment-medium size-medium wp-post-image\" alt=\"\" srcset=\"https:\/\/atexpress.net\/wp-content\/uploads\/2026\/05\/Thong-bao-moi-nhat-ve-chuong-trinh-dinh-cu-Hy-Lap-3-thay-doi-quan-trong-nha-dau-tu-can-biet-300x180.png 300w, https:\/\/atexpress.net\/wp-content\/uploads\/2026\/05\/Thong-bao-moi-nhat-ve-chuong-trinh-dinh-cu-Hy-Lap-3-thay-doi-quan-trong-nha-dau-tu-can-biet-1024x614.png 1024w, https:\/\/atexpress.net\/wp-content\/uploads\/2026\/05\/Thong-bao-moi-nhat-ve-chuong-trinh-dinh-cu-Hy-Lap-3-thay-doi-quan-trong-nha-dau-tu-can-biet-768x461.png 768w, https:\/\/atexpress.net\/wp-content\/uploads\/2026\/05\/Thong-bao-moi-nhat-ve-chuong-trinh-dinh-cu-Hy-Lap-3-thay-doi-quan-trong-nha-dau-tu-can-biet-1536x922.png 1536w, https:\/\/atexpress.net\/wp-content\/uploads\/2026\/05\/Thong-bao-moi-nhat-ve-chuong-trinh-dinh-cu-Hy-Lap-3-thay-doi-quan-trong-nha-dau-tu-can-biet.png 1875w\" sizes=\"auto, (max-width: 300px) 100vw, 300px\" \/>\t\t\t\t\t\t\t<\/a>\n  \t\t\t\t\t\t\t  \t\t\t\t\t\t\t  \t\t\t\t\t\t<\/div>\n  \t\t\t\t\t\t  \t\t\t\t\t<\/div>\n          \t\t\t\t\t<div class=\"box-text text-center\" >\n\t\t\t\t\t<div class=\"box-text-inner blog-post-inner\">\n\n\t\t\t\t\t\n\t\t\t\t\t\t\t\t\t\t<h5 class=\"post-title is-large \">\n\t\t\t\t\t\t<a href=\"https:\/\/atexpress.net\/vi\/3-thay-doi-quan-trong-nha-dau-tu-can-biet-ve-chuong-trinh-dinh-cu-hy-lap\/\" class=\"plain\">Th\u00f4ng ba\u0301o m\u01a1\u0301i nh\u00e2\u0301t v\u00ea\u0300 ch\u01b0\u01a1ng tr\u00ecnh \u0111\u1ecbnh c\u01b0 Hy L\u1ea1p: 3 thay \u0111\u1ed5i quan tr\u1ecdng nh\u00e0 \u0111\u1ea7u t\u01b0 c\u1ea7n bi\u1ebft<\/a>\n\t\t\t\t\t<\/h5>\n\t\t\t\t\t\t\t\t\t\t<div class=\"is-divider\"><\/div>\n\t\t\t\t\t\t\t\t\t\t<p class=\"from_the_blog_excerpt \">\n\t\t\t\t\t\tNg\u00e0y 21\/04\/2026, Hy L\u1ea1p \u0111\u00e3 ch\u00ednh th\u1ee9c c\u00f4ng b\u1ed1 c\u1eadp nh\u1eadt m\u1edbi nh\u1ea5t v\u1ec1 ch\u01b0\u01a1ng...\t\t\t\t\t<\/p>\n\t\t\t\t\t                    \n\t\t\t\t\t\n\t\t\t\t\t\n\t\t\t\t\t<\/div>\n\t\t\t\t\t<\/div>\n\t\t\t\t\t\t\t\t\t<\/div>\n\t\t\t<\/div>\n\t\t<\/div><div class=\"col post-item\" >\n\t\t\t<div class=\"col-inner\">\n\t\t\t\t<div class=\"box box-normal box-text-bottom box-blog-post has-hover\">\n            \t\t\t\t\t<div class=\"box-image\" >\n  \t\t\t\t\t\t<div class=\"image-cover\" style=\"padding-top:56.25%;\">\n\t\t\t\t\t\t\t<a href=\"https:\/\/atexpress.net\/vi\/phi-chuyen-nhuong-bat-dong-san-sip\/\" class=\"plain\" aria-label=\"Ph\u00ed chuy\u1ec3n nh\u01b0\u1ee3ng b\u1ea5t \u0111\u1ed9ng s\u1ea3n S\u00edp 2026: C\u00e1ch t\u00ednh v\u00e0 chi ph\u00ed chi ti\u1ebft\">\n\t\t\t\t\t\t\t\t<img loading=\"lazy\" decoding=\"async\" width=\"300\" height=\"180\" src=\"https:\/\/atexpress.net\/wp-content\/uploads\/2026\/04\/Phi-chuyen-nhuong-bat-dong-san-Sip-2026-Cach-tinh-va-chi-phi-chi-tiet-AT-Express-300x180.png\" class=\"attachment-medium size-medium wp-post-image\" alt=\"\" srcset=\"https:\/\/atexpress.net\/wp-content\/uploads\/2026\/04\/Phi-chuyen-nhuong-bat-dong-san-Sip-2026-Cach-tinh-va-chi-phi-chi-tiet-AT-Express-300x180.png 300w, https:\/\/atexpress.net\/wp-content\/uploads\/2026\/04\/Phi-chuyen-nhuong-bat-dong-san-Sip-2026-Cach-tinh-va-chi-phi-chi-tiet-AT-Express-1024x614.png 1024w, https:\/\/atexpress.net\/wp-content\/uploads\/2026\/04\/Phi-chuyen-nhuong-bat-dong-san-Sip-2026-Cach-tinh-va-chi-phi-chi-tiet-AT-Express-768x461.png 768w, https:\/\/atexpress.net\/wp-content\/uploads\/2026\/04\/Phi-chuyen-nhuong-bat-dong-san-Sip-2026-Cach-tinh-va-chi-phi-chi-tiet-AT-Express-1536x922.png 1536w, https:\/\/atexpress.net\/wp-content\/uploads\/2026\/04\/Phi-chuyen-nhuong-bat-dong-san-Sip-2026-Cach-tinh-va-chi-phi-chi-tiet-AT-Express.png 1875w\" sizes=\"auto, (max-width: 300px) 100vw, 300px\" \/>\t\t\t\t\t\t\t<\/a>\n  \t\t\t\t\t\t\t  \t\t\t\t\t\t\t  \t\t\t\t\t\t<\/div>\n  \t\t\t\t\t\t  \t\t\t\t\t<\/div>\n          \t\t\t\t\t<div class=\"box-text text-center\" >\n\t\t\t\t\t<div class=\"box-text-inner blog-post-inner\">\n\n\t\t\t\t\t\n\t\t\t\t\t\t\t\t\t\t<h5 class=\"post-title is-large \">\n\t\t\t\t\t\t<a href=\"https:\/\/atexpress.net\/vi\/phi-chuyen-nhuong-bat-dong-san-sip\/\" class=\"plain\">Ph\u00ed chuy\u1ec3n nh\u01b0\u1ee3ng b\u1ea5t \u0111\u1ed9ng s\u1ea3n S\u00edp 2026: C\u00e1ch t\u00ednh v\u00e0 chi ph\u00ed chi ti\u1ebft<\/a>\n\t\t\t\t\t<\/h5>\n\t\t\t\t\t\t\t\t\t\t<div class=\"is-divider\"><\/div>\n\t\t\t\t\t\t\t\t\t\t<p class=\"from_the_blog_excerpt \">\n\t\t\t\t\t\tKhi \u0111\u1ea7u t\u01b0 ho\u1eb7c \u0111\u1ecbnh c\u01b0 t\u1ea1i S\u00edp, m\u1ed9t trong nh\u1eefng kho\u1ea3n chi ph\u00ed quan...\t\t\t\t\t<\/p>\n\t\t\t\t\t                    \n\t\t\t\t\t\n\t\t\t\t\t\n\t\t\t\t\t<\/div>\n\t\t\t\t\t<\/div>\n\t\t\t\t\t\t\t\t\t<\/div>\n\t\t\t<\/div>\n\t\t<\/div><div class=\"col post-item\" >\n\t\t\t<div class=\"col-inner\">\n\t\t\t\t<div class=\"box box-normal box-text-bottom box-blog-post has-hover\">\n            \t\t\t\t\t<div class=\"box-image\" >\n  \t\t\t\t\t\t<div class=\"image-cover\" style=\"padding-top:56.25%;\">\n\t\t\t\t\t\t\t<a href=\"https:\/\/atexpress.net\/vi\/luat-thue-dao-sip-tu-1-1-2026-trung-tam-toi-uu-tai-san-moi-cho-nha-dau-tu-toan-cau\/\" class=\"plain\" aria-label=\"Lu\u00e2\u0323t thu\u00ea\u0301 \u0111a\u0309o Si\u0301p t\u1eeb 1\/1\/2026: Trung t\u00e2m t\u1ed1i \u01b0u t\u00e0i s\u1ea3n m\u1edbi cho nh\u00e0 \u0111\u1ea7u t\u01b0 to\u00e0n c\u1ea7u\">\n\t\t\t\t\t\t\t\t<img loading=\"lazy\" decoding=\"async\" width=\"300\" height=\"206\" src=\"https:\/\/atexpress.net\/wp-content\/uploads\/2026\/02\/Luat-thue-dao-Sip-tu-2026-AT-Express-300x206.png\" class=\"attachment-medium size-medium wp-post-image\" alt=\"\" srcset=\"https:\/\/atexpress.net\/wp-content\/uploads\/2026\/02\/Luat-thue-dao-Sip-tu-2026-AT-Express-300x206.png 300w, https:\/\/atexpress.net\/wp-content\/uploads\/2026\/02\/Luat-thue-dao-Sip-tu-2026-AT-Express-768x528.png 768w, https:\/\/atexpress.net\/wp-content\/uploads\/2026\/02\/Luat-thue-dao-Sip-tu-2026-AT-Express.png 1000w\" sizes=\"auto, (max-width: 300px) 100vw, 300px\" \/>\t\t\t\t\t\t\t<\/a>\n  \t\t\t\t\t\t\t  \t\t\t\t\t\t\t  \t\t\t\t\t\t<\/div>\n  \t\t\t\t\t\t  \t\t\t\t\t<\/div>\n          \t\t\t\t\t<div class=\"box-text text-center\" >\n\t\t\t\t\t<div class=\"box-text-inner blog-post-inner\">\n\n\t\t\t\t\t\n\t\t\t\t\t\t\t\t\t\t<h5 class=\"post-title is-large \">\n\t\t\t\t\t\t<a href=\"https:\/\/atexpress.net\/vi\/luat-thue-dao-sip-tu-1-1-2026-trung-tam-toi-uu-tai-san-moi-cho-nha-dau-tu-toan-cau\/\" class=\"plain\">Lu\u00e2\u0323t thu\u00ea\u0301 \u0111a\u0309o Si\u0301p t\u1eeb 1\/1\/2026: Trung t\u00e2m t\u1ed1i \u01b0u t\u00e0i s\u1ea3n m\u1edbi cho nh\u00e0 \u0111\u1ea7u t\u01b0 to\u00e0n c\u1ea7u<\/a>\n\t\t\t\t\t<\/h5>\n\t\t\t\t\t\t\t\t\t\t<div class=\"is-divider\"><\/div>\n\t\t\t\t\t\t\t\t\t\t<p class=\"from_the_blog_excerpt \">\n\t\t\t\t\t\tT\u1eeb ng\u00e0y 01\/01\/2026, C\u1ed9ng h\u00f2a S\u00edp ch\u00ednh th\u1ee9c tri\u1ec3n khai lo\u1ea1t \u0111i\u1ec1u ch\u1ec9nh quan tr\u1ecdng...\t\t\t\t\t<\/p>\n\t\t\t\t\t                    \n\t\t\t\t\t\n\t\t\t\t\t\n\t\t\t\t\t<\/div>\n\t\t\t\t\t<\/div>\n\t\t\t\t\t\t\t\t\t<\/div>\n\t\t\t<\/div>\n\t\t<\/div><div class=\"col post-item\" >\n\t\t\t<div class=\"col-inner\">\n\t\t\t\t<div class=\"box box-normal box-text-bottom box-blog-post has-hover\">\n            \t\t\t\t\t<div class=\"box-image\" >\n  \t\t\t\t\t\t<div class=\"image-cover\" style=\"padding-top:56.25%;\">\n\t\t\t\t\t\t\t<a href=\"https:\/\/atexpress.net\/vi\/dau-tu-nhap-tich-tho-nhi-ky-thong-qua-bat-dong-san-cac-khu-vuc-phu-hop-voi-nguoi-viet\/\" class=\"plain\" aria-label=\"\u0110\u1ea7u t\u01b0 nh\u1eadp t\u1ecbch Th\u1ed5 Nh\u0129 K\u1ef3 th\u00f4ng qua b\u00e2\u0301t \u0111\u00f4\u0323ng sa\u0309n \u2013 C\u00e1c khu v\u1ef1c ph\u00f9 h\u1ee3p v\u1edbi ng\u01b0\u1eddi Vi\u1ec7t\">\n\t\t\t\t\t\t\t\t<img loading=\"lazy\" decoding=\"async\" width=\"300\" height=\"216\" src=\"https:\/\/atexpress.net\/wp-content\/uploads\/2026\/01\/Tong-quan-Tho-Nhy-Ky-AT-Express-300x216.jpeg\" class=\"attachment-medium size-medium wp-post-image\" alt=\"\" srcset=\"https:\/\/atexpress.net\/wp-content\/uploads\/2026\/01\/Tong-quan-Tho-Nhy-Ky-AT-Express-300x216.jpeg 300w, https:\/\/atexpress.net\/wp-content\/uploads\/2026\/01\/Tong-quan-Tho-Nhy-Ky-AT-Express.jpeg 700w\" sizes=\"auto, (max-width: 300px) 100vw, 300px\" \/>\t\t\t\t\t\t\t<\/a>\n  \t\t\t\t\t\t\t  \t\t\t\t\t\t\t  \t\t\t\t\t\t<\/div>\n  \t\t\t\t\t\t  \t\t\t\t\t<\/div>\n          \t\t\t\t\t<div class=\"box-text text-center\" >\n\t\t\t\t\t<div class=\"box-text-inner blog-post-inner\">\n\n\t\t\t\t\t\n\t\t\t\t\t\t\t\t\t\t<h5 class=\"post-title is-large \">\n\t\t\t\t\t\t<a href=\"https:\/\/atexpress.net\/vi\/dau-tu-nhap-tich-tho-nhi-ky-thong-qua-bat-dong-san-cac-khu-vuc-phu-hop-voi-nguoi-viet\/\" class=\"plain\">\u0110\u1ea7u t\u01b0 nh\u1eadp t\u1ecbch Th\u1ed5 Nh\u0129 K\u1ef3 th\u00f4ng qua b\u00e2\u0301t \u0111\u00f4\u0323ng sa\u0309n \u2013 C\u00e1c khu v\u1ef1c ph\u00f9 h\u1ee3p v\u1edbi ng\u01b0\u1eddi Vi\u1ec7t<\/a>\n\t\t\t\t\t<\/h5>\n\t\t\t\t\t\t\t\t\t\t<div class=\"is-divider\"><\/div>\n\t\t\t\t\t\t\t\t\t\t<p class=\"from_the_blog_excerpt \">\n\t\t\t\t\t\t\u0110\u1ea7u t\u01b0 b\u1ea5t \u0111\u1ed9ng s\u1ea3n \u0111\u1ec3 nh\u1eadp t\u1ecbch Th\u1ed5 Nh\u0129 K\u1ef3 \u0111ang l\u00e0 l\u1ef1a ch\u1ecdn...\t\t\t\t\t<\/p>\n\t\t\t\t\t                    \n\t\t\t\t\t\n\t\t\t\t\t\n\t\t\t\t\t<\/div>\n\t\t\t\t\t<\/div>\n\t\t\t\t\t\t\t\t\t<\/div>\n\t\t\t<\/div>\n\t\t<\/div><\/div>\t\t<div class=\"ux-relay__control ux-relay__control--bottom container pb-half text-center\">\n\t\t\t<ul class=\"ux-relay__pagination page-numbers nav-pagination links\"><li><span aria-current=\"page\" class=\"page-number current\">1<\/span><\/li><li><a class=\"page-number\" href=\"#\/page\/2\">2<\/a><\/li><li><a class=\"page-number\" href=\"#\/page\/3\">3<\/a><\/li><li><a class=\"page-number\" href=\"#\/page\/4\">4<\/a><\/li><li><a class=\"page-number\" href=\"#\/page\/5\">5<\/a><\/li><li><a aria-label=\"Next\" class=\"next page-number\" href=\"#\/page\/2\"><i class=\"icon-angle-right\" ><\/i><\/a><\/li><\/ul>\t\t<\/div>\n\t\t\t\t<\/div>\n\t\t\n\t\t<\/div>\n\n\t\t\n<style>\n#section_1090554405 {\n  padding-top: 50px;\n  padding-bottom: 50px;\n}\n<\/style>\n\t<\/section>\n\t\n","protected":false},"excerpt":{"rendered":"","protected":false},"author":1,"featured_media":0,"parent":0,"menu_order":0,"comment_status":"closed","ping_status":"closed","template":"page-blank.php","meta":{"inline_featured_image":false,"footnotes":""},"class_list":["post-2470","page","type-page","status-publish","hentry"],"acf":[],"_links":{"self":[{"href":"https:\/\/atexpress.net\/vi\/wp-json\/wp\/v2\/pages\/2470","targetHints":{"allow":["GET"]}}],"collection":[{"href":"https:\/\/atexpress.net\/vi\/wp-json\/wp\/v2\/pages"}],"about":[{"href":"https:\/\/atexpress.net\/vi\/wp-json\/wp\/v2\/types\/page"}],"author":[{"embeddable":true,"href":"https:\/\/atexpress.net\/vi\/wp-json\/wp\/v2\/users\/1"}],"replies":[{"embeddable":true,"href":"https:\/\/atexpress.net\/vi\/wp-json\/wp\/v2\/comments?post=2470"}],"version-history":[{"count":8,"href":"https:\/\/atexpress.net\/vi\/wp-json\/wp\/v2\/pages\/2470\/revisions"}],"predecessor-version":[{"id":3738,"href":"https:\/\/atexpress.net\/vi\/wp-json\/wp\/v2\/pages\/2470\/revisions\/3738"}],"wp:attachment":[{"href":"https:\/\/atexpress.net\/vi\/wp-json\/wp\/v2\/media?parent=2470"}],"curies":[{"name":"wp","href":"https:\/\/api.w.org\/{rel}","templated":true}]}}