{"id":2511,"date":"2025-09-19T14:33:10","date_gmt":"2025-09-19T07:33:10","guid":{"rendered":"https:\/\/atexpress.net\/?page_id=2511"},"modified":"2026-02-11T18:01:12","modified_gmt":"2026-02-11T11:01:12","slug":"tu-van-doanh-nghiep","status":"publish","type":"page","link":"https:\/\/atexpress.net\/vi\/tu-van-doanh-nghiep\/","title":{"rendered":"T\u01b0 v\u1ea5n doanh nghi\u1ec7p"},"content":{"rendered":"\n\t<section class=\"section align-bottom dark\" id=\"section_478093040\">\n\t\t<div class=\"section-bg fill\" >\n\t\t\t<img loading=\"lazy\" decoding=\"async\" width=\"2560\" height=\"972\" src=\"https:\/\/atexpress.net\/wp-content\/uploads\/2025\/11\/banner-dau-trang-atexpress-3-scaled.png\" class=\"bg attachment-original size-original\" alt=\"\" \/>\t\t\t\t\t\t\n\t\t\t\n\n\t\t<\/div>\n\n\t\t\n\n\t\t<div class=\"section-content relative\">\n\t\t\t\n<div class=\"row\"  id=\"row-1656958694\">\n\n\t<div id=\"col-1543852562\" class=\"col medium-8 small-10 large-4\"  >\n\t\t\t\t<div class=\"col-inner\"  >\n\t\t\t\n\t<div class=\"is-border\"\n\t\tstyle=\"border-width:0px 0px 1px 0px;\">\n\t<\/div>\n\t\t\t\n\t<div id=\"text-1187203808\" class=\"text\">\n\t\t\n<h1>T\u01b0 v\u00e2\u0301n doanh nghi\u00ea\u0323p<\/h1>\n\t\t\n<style>\n#text-1187203808 {\n  font-size: 1.4rem;\n}\n<\/style>\n\t<\/div>\n\t\n\t\t<\/div>\n\t\t\t\t\t<\/div>\n\n\t\n<\/div>\n\t\t<\/div>\n\n\t\t\n<style>\n#section_478093040 {\n  padding-top: 30px;\n  padding-bottom: 30px;\n  min-height: 355px;\n}\n<\/style>\n\t<\/section>\n\t\n\n\t<section class=\"section\" id=\"section_1326880027\">\n\t\t<div class=\"section-bg fill\" >\n\t\t\t\t\t\t\t\t\t\n\t\t\t\n\n\t\t<\/div>\n\n\t\t\n\n\t\t<div class=\"section-content relative\">\n\t\t\t\n<div class=\"row align-center\"  id=\"row-1759566547\">\n\n\t<div id=\"col-1358602153\" class=\"col small-12 large-12\"  >\n\t\t\t\t<div class=\"col-inner\"  >\n\t\t\t\n\t\t\t\n\t<div id=\"text-2977711086\" class=\"text\">\n\t\t\n<p data-start=\"18\" data-end=\"166\"><strong>AT Express<\/strong> cung c\u1ea5p d\u1ecbch v\u1ee5 doanh nghi\u1ec7p to\u00e0n di\u1ec7n, bao g\u1ed3m th\u00e0nh l\u1eadp c\u00f4ng ty, c\u01a1 c\u1ea5u doanh nghi\u1ec7p qu\u00f4\u0301c t\u00ea\u0301, tu\u00e2n th\u1ee7 ph\u00e1p l\u00fd v\u00e0 h\u1ed7 tr\u1ee3 h\u00e0nh ch\u00ednh. V\u1edbi \u0111\u1ed9i ng\u0169 chuy\u00ean gia gi\u00e0u kinh nghi\u1ec7m, AT Express gi\u00fap doanh nghi\u1ec7p v\u1eadn h\u00e0nh hi\u1ec7u qu\u1ea3, x\u1eed l\u00fd h\u1ed3 s\u01a1 ch\u00ednh x\u00e1c v\u00e0 \u0111\u00e1p \u1ee9ng \u0111\u1ea7y \u0111\u1ee7 c\u00e1c y\u00eau c\u1ea7u ph\u00e1p l\u00fd, h\u1ed7 tr\u1ee3 doanh nghi\u1ec7p thi\u1ebft l\u1eadp v\u00e0 ph\u00e1t tri\u1ec3n ho\u1ea1t \u0111\u1ed9ng kinh doanh b\u1ec1n v\u1eefng.<\/p>\n\t\t\n<style>\n#text-2977711086 {\n  text-align: center;\n}\n<\/style>\n\t<\/div>\n\t\n\t\t<\/div>\n\t\t\t\t\t<\/div>\n\n\t\n<\/div>\n\n  \n    <div class=\"row large-columns-3 medium-columns-1 small-columns-1\" >\n  <div class=\"col post-item\" >\n\t\t\t<div class=\"col-inner\">\n\t\t\t\t<div class=\"box box-normal box-text-bottom box-blog-post has-hover\">\n            \t\t\t\t\t<div class=\"box-image\" >\n  \t\t\t\t\t\t<div class=\"image-cover\" style=\"padding-top:56.25%;\">\n\t\t\t\t\t\t\t<a href=\"https:\/\/atexpress.net\/vi\/thanh-lap-cong-ty-offshore\/\" class=\"plain\" aria-label=\"Th\u00e0nh l\u1eadp c\u00f4ng ty offshore\">\n\t\t\t\t\t\t\t\t<img loading=\"lazy\" decoding=\"async\" width=\"300\" height=\"300\" src=\"https:\/\/atexpress.net\/wp-content\/uploads\/2025\/09\/tu-van-thanh-lap-cong-ty-offshore-300x300.png\" class=\"attachment-medium size-medium wp-post-image\" alt=\"\" srcset=\"https:\/\/atexpress.net\/wp-content\/uploads\/2025\/09\/tu-van-thanh-lap-cong-ty-offshore-300x300.png 300w, https:\/\/atexpress.net\/wp-content\/uploads\/2025\/09\/tu-van-thanh-lap-cong-ty-offshore-150x150.png 150w, https:\/\/atexpress.net\/wp-content\/uploads\/2025\/09\/tu-van-thanh-lap-cong-ty-offshore-768x768.png 768w, https:\/\/atexpress.net\/wp-content\/uploads\/2025\/09\/tu-van-thanh-lap-cong-ty-offshore.png 1024w\" sizes=\"auto, (max-width: 300px) 100vw, 300px\" \/>\t\t\t\t\t\t\t<\/a>\n  \t\t\t\t\t\t\t  \t\t\t\t\t\t\t  \t\t\t\t\t\t<\/div>\n  \t\t\t\t\t\t  \t\t\t\t\t<\/div>\n          \t\t\t\t\t<div class=\"box-text text-center\" >\n\t\t\t\t\t<div class=\"box-text-inner blog-post-inner\">\n\n\t\t\t\t\t\n\t\t\t\t\t\t\t\t\t\t<h5 class=\"post-title is-large \">\n\t\t\t\t\t\t<a href=\"https:\/\/atexpress.net\/vi\/thanh-lap-cong-ty-offshore\/\" class=\"plain\">Th\u00e0nh l\u1eadp c\u00f4ng ty offshore<\/a>\n\t\t\t\t\t<\/h5>\n\t\t\t\t\t\t\t\t\t\t<div class=\"is-divider\"><\/div>\n\t\t\t\t\t\t\t\t\t\t<p class=\"from_the_blog_excerpt \">\n\t\t\t\t\t\tD\u1ecbch V\u1ee5 T\u01b0 V\u1ea5n Th\u00e0nh L\u1eadp C\u00f4ng Ty Offshore T\u1ea1i AT Express Trong b\u1ed1i c\u1ea3nh...\t\t\t\t\t<\/p>\n\t\t\t\t\t                    \n\t\t\t\t\t\n\t\t\t\t\t\n\t\t\t\t\t<\/div>\n\t\t\t\t\t<\/div>\n\t\t\t\t\t\t\t\t\t<\/div>\n\t\t\t<\/div>\n\t\t<\/div><div class=\"col post-item\" >\n\t\t\t<div class=\"col-inner\">\n\t\t\t\t<div class=\"box box-normal box-text-bottom box-blog-post has-hover\">\n            \t\t\t\t\t<div class=\"box-image\" >\n  \t\t\t\t\t\t<div class=\"image-cover\" style=\"padding-top:56.25%;\">\n\t\t\t\t\t\t\t<a href=\"https:\/\/atexpress.net\/vi\/thue-van-phong-nuoc-ngoai\/\" class=\"plain\" aria-label=\"Thu\u00ea v\u0103n ph\u00f2ng n\u01b0\u1edbc ngo\u00e0i\">\n\t\t\t\t\t\t\t\t<img loading=\"lazy\" decoding=\"async\" width=\"300\" height=\"211\" src=\"https:\/\/atexpress.net\/wp-content\/uploads\/2025\/09\/dich-vu-thue-van-phong-ao-o-nuoc-ngoai-300x211.png\" class=\"attachment-medium size-medium wp-post-image\" alt=\"\" srcset=\"https:\/\/atexpress.net\/wp-content\/uploads\/2025\/09\/dich-vu-thue-van-phong-ao-o-nuoc-ngoai-300x211.png 300w, https:\/\/atexpress.net\/wp-content\/uploads\/2025\/09\/dich-vu-thue-van-phong-ao-o-nuoc-ngoai.png 710w\" sizes=\"auto, (max-width: 300px) 100vw, 300px\" \/>\t\t\t\t\t\t\t<\/a>\n  \t\t\t\t\t\t\t  \t\t\t\t\t\t\t  \t\t\t\t\t\t<\/div>\n  \t\t\t\t\t\t  \t\t\t\t\t<\/div>\n          \t\t\t\t\t<div class=\"box-text text-center\" >\n\t\t\t\t\t<div class=\"box-text-inner blog-post-inner\">\n\n\t\t\t\t\t\n\t\t\t\t\t\t\t\t\t\t<h5 class=\"post-title is-large \">\n\t\t\t\t\t\t<a href=\"https:\/\/atexpress.net\/vi\/thue-van-phong-nuoc-ngoai\/\" class=\"plain\">Thu\u00ea v\u0103n ph\u00f2ng n\u01b0\u1edbc ngo\u00e0i<\/a>\n\t\t\t\t\t<\/h5>\n\t\t\t\t\t\t\t\t\t\t<div class=\"is-divider\"><\/div>\n\t\t\t\t\t\t\t\t\t\t<p class=\"from_the_blog_excerpt \">\n\t\t\t\t\t\tD\u1ecbch V\u1ee5 T\u01b0 V\u1ea5n Thu\u00ea V\u0103n Ph\u00f2ng \u1ea2o \u1ede N\u01b0\u1edbc Ngo\u00e0i T\u1ea1i AT Express N\u0103m...\t\t\t\t\t<\/p>\n\t\t\t\t\t                    \n\t\t\t\t\t\n\t\t\t\t\t\n\t\t\t\t\t<\/div>\n\t\t\t\t\t<\/div>\n\t\t\t\t\t\t\t\t\t<\/div>\n\t\t\t<\/div>\n\t\t<\/div><div class=\"col post-item\" >\n\t\t\t<div class=\"col-inner\">\n\t\t\t\t<div class=\"box box-normal box-text-bottom box-blog-post has-hover\">\n            \t\t\t\t\t<div class=\"box-image\" >\n  \t\t\t\t\t\t<div class=\"image-cover\" style=\"padding-top:56.25%;\">\n\t\t\t\t\t\t\t<a href=\"https:\/\/atexpress.net\/vi\/mo-tai-khoan-nuoc-ngoai\/\" class=\"plain\" aria-label=\"M\u1edf t\u00e0i kho\u1ea3n n\u01b0\u1edbc ngo\u00e0i\">\n\t\t\t\t\t\t\t\t<img loading=\"lazy\" decoding=\"async\" width=\"300\" height=\"160\" src=\"https:\/\/atexpress.net\/wp-content\/uploads\/2025\/09\/Mo-tai-khoan-ngan-hang-nuoc-ngoai-300x160.jpeg\" class=\"attachment-medium size-medium wp-post-image\" alt=\"\" srcset=\"https:\/\/atexpress.net\/wp-content\/uploads\/2025\/09\/Mo-tai-khoan-ngan-hang-nuoc-ngoai-300x160.jpeg 300w, https:\/\/atexpress.net\/wp-content\/uploads\/2025\/09\/Mo-tai-khoan-ngan-hang-nuoc-ngoai-768x410.jpeg 768w, https:\/\/atexpress.net\/wp-content\/uploads\/2025\/09\/Mo-tai-khoan-ngan-hang-nuoc-ngoai.jpeg 800w\" sizes=\"auto, (max-width: 300px) 100vw, 300px\" \/>\t\t\t\t\t\t\t<\/a>\n  \t\t\t\t\t\t\t  \t\t\t\t\t\t\t  \t\t\t\t\t\t<\/div>\n  \t\t\t\t\t\t  \t\t\t\t\t<\/div>\n          \t\t\t\t\t<div class=\"box-text text-center\" >\n\t\t\t\t\t<div class=\"box-text-inner blog-post-inner\">\n\n\t\t\t\t\t\n\t\t\t\t\t\t\t\t\t\t<h5 class=\"post-title is-large \">\n\t\t\t\t\t\t<a href=\"https:\/\/atexpress.net\/vi\/mo-tai-khoan-nuoc-ngoai\/\" class=\"plain\">M\u1edf t\u00e0i kho\u1ea3n n\u01b0\u1edbc ngo\u00e0i<\/a>\n\t\t\t\t\t<\/h5>\n\t\t\t\t\t\t\t\t\t\t<div class=\"is-divider\"><\/div>\n\t\t\t\t\t\t\t\t\t\t<p class=\"from_the_blog_excerpt \">\n\t\t\t\t\t\tD\u1ecbch V\u1ee5 T\u01b0 V\u1ea5n M\u1edf T\u00e0i Kho\u1ea3n Ng\u00e2n H\u00e0ng N\u01b0\u1edbc Ngo\u00e0i Uy T\u00edn T\u1ea1i AT...\t\t\t\t\t<\/p>\n\t\t\t\t\t                    \n\t\t\t\t\t\n\t\t\t\t\t\n\t\t\t\t\t<\/div>\n\t\t\t\t\t<\/div>\n\t\t\t\t\t\t\t\t\t<\/div>\n\t\t\t<\/div>\n\t\t<\/div><div class=\"col post-item\" >\n\t\t\t<div class=\"col-inner\">\n\t\t\t\t<div class=\"box box-normal box-text-bottom box-blog-post has-hover\">\n            \t\t\t\t\t<div class=\"box-image\" >\n  \t\t\t\t\t\t<div class=\"image-cover\" style=\"padding-top:56.25%;\">\n\t\t\t\t\t\t\t<a href=\"https:\/\/atexpress.net\/vi\/dang-ky-bao-hiem-doanh-nghiep\/\" class=\"plain\" aria-label=\"\u0110\u0103ng k\u00fd b\u1ea3o hi\u1ec3m doanh nghi\u1ec7p\">\n\t\t\t\t\t\t\t\t<img loading=\"lazy\" decoding=\"async\" width=\"300\" height=\"200\" src=\"https:\/\/atexpress.net\/wp-content\/uploads\/2025\/09\/AT-Express-Insurance-Service-300x200.jpg\" class=\"attachment-medium size-medium wp-post-image\" alt=\"\" srcset=\"https:\/\/atexpress.net\/wp-content\/uploads\/2025\/09\/AT-Express-Insurance-Service-300x200.jpg 300w, https:\/\/atexpress.net\/wp-content\/uploads\/2025\/09\/AT-Express-Insurance-Service-768x512.jpg 768w, https:\/\/atexpress.net\/wp-content\/uploads\/2025\/09\/AT-Express-Insurance-Service.jpg 1000w\" sizes=\"auto, (max-width: 300px) 100vw, 300px\" \/>\t\t\t\t\t\t\t<\/a>\n  \t\t\t\t\t\t\t  \t\t\t\t\t\t\t  \t\t\t\t\t\t<\/div>\n  \t\t\t\t\t\t  \t\t\t\t\t<\/div>\n          \t\t\t\t\t<div class=\"box-text text-center\" >\n\t\t\t\t\t<div class=\"box-text-inner blog-post-inner\">\n\n\t\t\t\t\t\n\t\t\t\t\t\t\t\t\t\t<h5 class=\"post-title is-large \">\n\t\t\t\t\t\t<a href=\"https:\/\/atexpress.net\/vi\/dang-ky-bao-hiem-doanh-nghiep\/\" class=\"plain\">\u0110\u0103ng k\u00fd b\u1ea3o hi\u1ec3m doanh nghi\u1ec7p<\/a>\n\t\t\t\t\t<\/h5>\n\t\t\t\t\t\t\t\t\t\t<div class=\"is-divider\"><\/div>\n\t\t\t\t\t\t\t\t\t\t<p class=\"from_the_blog_excerpt \">\n\t\t\t\t\t\tD\u1ecbch v\u1ee5 \u0111\u0103ng k\u00fd b\u1ea3o hi\u1ec3m doanh nghi\u1ec7p chuy\u00ean nghi\u1ec7p \u2013 AT Express D\u1ecbch v\u1ee5...\t\t\t\t\t<\/p>\n\t\t\t\t\t                    \n\t\t\t\t\t\n\t\t\t\t\t\n\t\t\t\t\t<\/div>\n\t\t\t\t\t<\/div>\n\t\t\t\t\t\t\t\t\t<\/div>\n\t\t\t<\/div>\n\t\t<\/div><\/div>\n\t\t<\/div>\n\n\t\t\n<style>\n#section_1326880027 {\n  padding-top: 50px;\n  padding-bottom: 50px;\n}\n<\/style>\n\t<\/section>\n\t\n","protected":false},"excerpt":{"rendered":"","protected":false},"author":1,"featured_media":0,"parent":0,"menu_order":0,"comment_status":"closed","ping_status":"closed","template":"page-blank.php","meta":{"inline_featured_image":false,"footnotes":""},"class_list":["post-2511","page","type-page","status-publish","hentry"],"acf":[],"_links":{"self":[{"href":"https:\/\/atexpress.net\/vi\/wp-json\/wp\/v2\/pages\/2511","targetHints":{"allow":["GET"]}}],"collection":[{"href":"https:\/\/atexpress.net\/vi\/wp-json\/wp\/v2\/pages"}],"about":[{"href":"https:\/\/atexpress.net\/vi\/wp-json\/wp\/v2\/types\/page"}],"author":[{"embeddable":true,"href":"https:\/\/atexpress.net\/vi\/wp-json\/wp\/v2\/users\/1"}],"replies":[{"embeddable":true,"href":"https:\/\/atexpress.net\/vi\/wp-json\/wp\/v2\/comments?post=2511"}],"version-history":[{"count":8,"href":"https:\/\/atexpress.net\/vi\/wp-json\/wp\/v2\/pages\/2511\/revisions"}],"predecessor-version":[{"id":3731,"href":"https:\/\/atexpress.net\/vi\/wp-json\/wp\/v2\/pages\/2511\/revisions\/3731"}],"wp:attachment":[{"href":"https:\/\/atexpress.net\/vi\/wp-json\/wp\/v2\/media?parent=2511"}],"curies":[{"name":"wp","href":"https:\/\/api.w.org\/{rel}","templated":true}]}}