{"id":271,"date":"2024-01-31T13:16:17","date_gmt":"2024-01-31T13:16:17","guid":{"rendered":"https:\/\/atexpress.net\/?page_id=271"},"modified":"2026-02-25T20:35:05","modified_gmt":"2026-02-25T13:35:05","slug":"lien-he","status":"publish","type":"page","link":"https:\/\/atexpress.net\/vi\/lien-he\/","title":{"rendered":"Li\u00ean h\u1ec7"},"content":{"rendered":"\n\t<section class=\"section dark\" id=\"section_947120\">\n\t\t<div class=\"section-bg fill\" >\n\t\t\t<img loading=\"lazy\" decoding=\"async\" width=\"2107\" height=\"800\" src=\"https:\/\/atexpress.net\/wp-content\/uploads\/2025\/12\/banner-dau-trang-atexpress.png\" class=\"bg attachment-original size-original\" alt=\"\" \/>\t\t\t\t\t\t<div class=\"section-bg-overlay absolute fill\"><\/div>\n\t\t\t\n\n\t\t<\/div>\n\n\t\t\n\n\t\t<div class=\"section-content relative\">\n\t\t\t\n<div class=\"row\"  id=\"row-922996996\">\n\n\t<div id=\"col-1956601644\" class=\"col small-12 large-12\"  >\n\t\t\t\t<div class=\"col-inner\"  >\n\t\t\t\n\t\t\t\n\t<div id=\"text-523987971\" class=\"text\">\n\t\t\n<h1>Li\u00ean h\u00ea\u0323<\/h1>\n\t\t\n<style>\n#text-523987971 {\n  font-size: 1.7rem;\n  text-align: center;\n}\n@media (min-width:550px) {\n  #text-523987971 {\n    text-align: center;\n  }\n}\n@media (min-width:850px) {\n  #text-523987971 {\n    font-size: 1.5rem;\n    text-align: center;\n  }\n}\n<\/style>\n\t<\/div>\n\t\n\t\t<\/div>\n\t\t\t\t\n<style>\n#col-1956601644 > .col-inner {\n  margin: 0px 0px -50px 0px;\n}\n@media (min-width:850px) {\n  #col-1956601644 > .col-inner {\n    margin: 0px 0px -50px 0px;\n  }\n}\n<\/style>\n\t<\/div>\n\n\t\n<\/div>\n\t\t<\/div>\n\n\t\t\n<style>\n#section_947120 {\n  padding-top: 30px;\n  padding-bottom: 30px;\n  min-height: 335px;\n}\n#section_947120 .section-bg-overlay {\n  background-color: rgba(0, 0, 0, 0.267);\n}\n@media (min-width:850px) {\n  #section_947120 {\n    min-height: 550px;\n  }\n}\n<\/style>\n\t<\/section>\n\t\n\n\t<section class=\"section mbws_contact\" id=\"section_782221273\">\n\t\t<div class=\"section-bg fill\" >\n\t\t\t\t\t\t\t\t\t\n\t\t\t\n\n\t\t<\/div>\n\n\t\t\n\n\t\t<div class=\"section-content relative\">\n\t\t\t\n<div class=\"row row-large\"  id=\"row-244608162\">\n\n\t<div id=\"col-1217166864\" class=\"col mbws_contact-left medium-5 small-12 large-5\"  >\n\t\t\t\t<div class=\"col-inner\"  >\n\t\t\t\n\t\t\t\n<p style=\"text-align: justify;\">Anh chi\u0323 la\u0300 nh\u01b0\u0303ng nha\u0300 \u0111\u00e2\u0300u t\u01b0 quan t\u00e2m \u0111\u00e2\u0300u t\u01b0 qu\u00f4\u0301c t\u00ea\u0301, \u0111i\u0323nh c\u01b0 cho ca\u0309 gia \u0111i\u0300nh va\u0300 gia\u0301o du\u0323c cha\u0301t l\u01b0\u01a1\u0323ng cho con ca\u0301i, ha\u0303y li\u00ean h\u00ea\u0323 ngay AT Express \u0111\u00ea\u0309 co\u0301 ph\u01b0\u01a1ng a\u0301n \u0111\u00e2\u0300u t\u01b0 phu\u0300 h\u01a1\u0323p.<\/p>\n\t<div id=\"gap-1334724962\" class=\"gap-element clearfix\" style=\"display:block; height:auto;\">\n\t\t\n<style>\n#gap-1334724962 {\n  padding-top: 30px;\n}\n<\/style>\n\t<\/div>\n\t\n\n<div class=\"wpcf7 no-js\" id=\"wpcf7-f688-o1\" lang=\"vi\" dir=\"ltr\" data-wpcf7-id=\"688\">\n<div class=\"screen-reader-response\"><p role=\"status\" aria-live=\"polite\" aria-atomic=\"true\"><\/p> <ul><\/ul><\/div>\n<form action=\"\/vi\/wp-json\/wp\/v2\/pages\/271#wpcf7-f688-o1\" method=\"post\" class=\"wpcf7-form init\" aria-label=\"Form li\u00ean h\u1ec7\" novalidate=\"novalidate\" data-status=\"init\">\n<fieldset class=\"hidden-fields-container\"><input type=\"hidden\" name=\"_wpcf7\" value=\"688\" \/><input type=\"hidden\" name=\"_wpcf7_version\" value=\"6.1.5\" \/><input type=\"hidden\" name=\"_wpcf7_locale\" value=\"vi\" \/><input type=\"hidden\" name=\"_wpcf7_unit_tag\" value=\"wpcf7-f688-o1\" \/><input type=\"hidden\" name=\"_wpcf7_container_post\" value=\"0\" \/><input type=\"hidden\" name=\"_wpcf7_posted_data_hash\" value=\"\" \/>\n<\/fieldset>\n<div class=\"flex-row flex-wrap\">\n<div class=\"flex-col\">\n<label>H\u1ecd t\u00ean *<\/label>\n<span class=\"wpcf7-form-control-wrap\" data-name=\"your-name\"><input size=\"40\" maxlength=\"400\" class=\"wpcf7-form-control wpcf7-text\" aria-invalid=\"false\" placeholder=\"H\u1ecd t\u00ean *\" value=\"\" type=\"text\" name=\"your-name\" \/><\/span>\n<\/div>\n<div class=\"flex-col\">\n<label>Email *<\/label>\n<span class=\"wpcf7-form-control-wrap\" data-name=\"your-mail\"><input size=\"40\" maxlength=\"400\" class=\"wpcf7-form-control wpcf7-email wpcf7-validates-as-required wpcf7-text wpcf7-validates-as-email\" aria-required=\"true\" aria-invalid=\"false\" placeholder=\"Email *\" value=\"\" type=\"email\" name=\"your-mail\" \/><\/span>\n<\/div>\n<div class=\"flex-col\">\n<label>S\u1ed1 \u0111i\u1ec7n tho\u1ea1i *<\/label>\n<span class=\"wpcf7-form-control-wrap\" data-name=\"your-phone\"><input size=\"40\" maxlength=\"400\" class=\"wpcf7-form-control wpcf7-tel wpcf7-validates-as-required wpcf7-text wpcf7-validates-as-tel\" aria-required=\"true\" aria-invalid=\"false\" placeholder=\"S\u1ed1 \u0111i\u1ec7n tho\u1ea1i *\" value=\"\" type=\"tel\" name=\"your-phone\" \/><\/span>\n<\/div>\n<div class=\"flex-col\">\n<label>\u0110\u1ecba ch\u1ec9 *<\/label>\n<span class=\"wpcf7-form-control-wrap\" data-name=\"your-address\"><input size=\"40\" maxlength=\"400\" class=\"wpcf7-form-control wpcf7-text wpcf7-validates-as-required\" aria-required=\"true\" aria-invalid=\"false\" placeholder=\"\u0110\u1ecba ch\u1ec9 *\" value=\"\" type=\"text\" name=\"your-address\" \/><\/span>\n<\/div>\n<\/div>\n<label>Ch\u01b0\u01a1ng tr\u00ecnh mu\u1ed1n t\u01b0 v\u1ea5n  *<\/label>\n<span class=\"wpcf7-form-control-wrap\" data-name=\"program\"><select class=\"wpcf7-form-control wpcf7-select wpcf7-validates-as-required\" aria-required=\"true\" aria-invalid=\"false\" name=\"program\"><option value=\"\u0110i\u0323nh c\u01b0 \u0111a\u0309o Si\u0301p\">\u0110i\u0323nh c\u01b0 \u0111a\u0309o Si\u0301p<\/option><option value=\"\u0110\u1ecbnh c\u01b0 Hy L\u1ea1p\">\u0110\u1ecbnh c\u01b0 Hy L\u1ea1p<\/option><option value=\"\u0110\u1ecbnh c\u01b0 B\u1ed3 \u0110\u00e0o Nha\">\u0110\u1ecbnh c\u01b0 B\u1ed3 \u0110\u00e0o Nha<\/option><option value=\"\u0110\u1ecbnh c\u01b0 Malta\">\u0110\u1ecbnh c\u01b0 Malta<\/option><option value=\"Nh\u00e2\u0323p ti\u0323ch Antigua &amp; Barbuda\">Nh\u00e2\u0323p ti\u0323ch Antigua &amp; Barbuda<\/option><option value=\"Nh\u00e2\u0323p ti\u0323ch Dominica\">Nh\u00e2\u0323p ti\u0323ch Dominica<\/option><option value=\"Nh\u00e2\u0323p ti\u0323ch St.Kitts &amp; Nevis\">Nh\u00e2\u0323p ti\u0323ch St.Kitts &amp; Nevis<\/option><option value=\"Nh\u00e2\u0323p ti\u0323ch Grenada\">Nh\u00e2\u0323p ti\u0323ch Grenada<\/option><option value=\"T\u01b0 v\u1ea5n doanh nghi\u1ec7p\">T\u01b0 v\u1ea5n doanh nghi\u1ec7p<\/option><\/select><\/span>\n<label>L\u1eddi nh\u1eafn<\/label>\n<span class=\"wpcf7-form-control-wrap\" data-name=\"content\"><textarea cols=\"40\" rows=\"10\" maxlength=\"2000\" class=\"wpcf7-form-control wpcf7-textarea\" aria-invalid=\"false\" placeholder=\"L\u1eddi nh\u1eafn\" name=\"content\"><\/textarea><\/span>\n<button type=\"submit\" class=\"wpcf7-form-control wpcf7-submit has-spinner button\" type=\"submit\" class=\"wpcf7-form-control has-spinner wpcf7-submit\">G\u1eedi<\/button><div class=\"wpcf7-response-output\" aria-hidden=\"true\"><\/div>\n<\/form>\n<\/div>\n\n\t\t<\/div>\n\t\t\t\t\t<\/div>\n\n\t\n\n\t<div id=\"col-1627925239\" class=\"col medium-7 small-12 large-7\"  >\n\t\t\t\t<div class=\"col-inner text-left\"  >\n\t\t\t\n\t\t\t\n\t<div id=\"text-974801655\" class=\"text\">\n\t\t\n<p><iframe loading=\"lazy\" style=\"border: 0;\" src=\"https:\/\/www.google.com\/maps\/embed?pb=!1m18!1m12!1m3!1d3919.159936898786!2d106.66790887497925!3d10.799059758775947!2m3!1f0!2f0!3f0!3m2!1i1024!2i768!4f13.1!3m3!1m2!1s0x317529292b093ff1%3A0xcf6efbf685e00fc0!2zMTQ2IMSQLiBOZ3V54buFbiBWxINuIFRy4buXaSwgUGjGsOG7nW5nIDgsIFBow7ogTmh14bqtbiwgSOG7kyBDaMOtIE1pbmggNzAwMDAwLCBWaeG7h3QgTmFt!5e0!3m2!1svi!2s!4v1757359359047!5m2!1svi!2s\" width=\"750\" height=\"450\" allowfullscreen=\"allowfullscreen\"><\/iframe><br \/>\n\t\t\n<style>\n#text-974801655 {\n  font-size: 1.15rem;\n  line-height: 1.1;\n  text-align: left;\n}\n<\/style>\n\t<\/div>\n\t\n<div class=\"row contact-right-info\"  id=\"row-1650826984\">\n\n\t<div id=\"col-353729275\" class=\"col medium-6 small-12 large-6\"  >\n\t\t\t\t<div class=\"col-inner\"  >\n\t\t\t\n\t\t\t\n<div class=\"container section-title-container\" ><h3 class=\"section-title section-title-normal\"><b><\/b><span class=\"section-title-main\" >\u0110\u1ecba ch\u1ec9<\/span><b><\/b><\/h3><\/div>\n<p><span data-sheets-root=\"1\">Kingston Residence, 146 Nguy\u1ec5n V\u0103n Tr\u1ed7i, Ph\u01b0\u1eddng Ph\u00fa Nhu\u1eadn, TP H\u1ed3 Ch\u00ed Minh<\/span><\/p>\n<div class=\"container section-title-container\" ><h3 class=\"section-title section-title-normal\"><b><\/b><span class=\"section-title-main\" >Li\u00ean h\u1ec7<\/span><b><\/b><\/h3><\/div>\n<p><span data-sheets-root=\"1\"><strong>Email:<\/strong> csd.atexpress@gmail.com<br \/>\n<\/span><strong>Tel.:<\/strong> 0911 60 22 44<\/p>\n\t\t<\/div>\n\t\t\t\t\t<\/div>\n\n\t\n\n\t<div id=\"col-413663257\" class=\"col medium-4 small-12 large-4\"  >\n\t\t\t\t<div class=\"col-inner\"  >\n\t\t\t\n\t\t\t\n<div class=\"container section-title-container\" ><h3 class=\"section-title section-title-normal\"><b><\/b><span class=\"section-title-main\" >V\u0103n pho\u0300ng qu\u00f4\u0301c t\u00ea\u0301<\/span><b><\/b><\/h3><\/div>\n<div class=\"accordion\">\n\t<div id=\"accordion-1289339797\" class=\"accordion-item\">\n\t\t<a id=\"accordion-1289339797-label\" class=\"accordion-title plain\" href=\"#accordion-item-anh-qu\u00f4\u0301c\" aria-expanded=\"false\" aria-controls=\"accordion-1289339797-content\" >\n\t\t\t<button class=\"toggle\" aria-label=\"Toggle\"><i class=\"icon-angle-down\"><\/i><\/button>\n\t\t\t<span>Anh Qu\u00f4\u0301c<\/span>\n\t\t<\/a>\n\t\t<div id=\"accordion-1289339797-content\" class=\"accordion-inner\" aria-labelledby=\"accordion-1289339797-label\" >\n\t\t\t\n<p>\u0110i\u0323a Chi\u0309: 78 Montgomery Street, Edinburg, Eh7 5JA, Scotland<br \/>\nTel.: +44 2034322589<\/p>\n\t\t<\/div>\n\t<\/div>\n\t\n\t<div id=\"accordion-2646244224\" class=\"accordion-item\">\n\t\t<a id=\"accordion-2646244224-label\" class=\"accordion-title plain\" href=\"#accordion-item-c\u00f4\u0323ng-ho\u0300a-si\u0301p\" aria-expanded=\"false\" aria-controls=\"accordion-2646244224-content\" >\n\t\t\t<button class=\"toggle\" aria-label=\"Toggle\"><i class=\"icon-angle-down\"><\/i><\/button>\n\t\t\t<span>C\u00f4\u0323ng Ho\u0300a Si\u0301p<\/span>\n\t\t<\/a>\n\t\t<div id=\"accordion-2646244224-content\" class=\"accordion-inner\" aria-labelledby=\"accordion-2646244224-label\" >\n\t\t\t\n<p>\u0110i\u0323a chi\u0309: Agia Zoni, Limassol 3027,<br \/>\nTel.: +357 9794 2388<\/p>\n\t\t<\/div>\n\t<\/div>\n\t\n\t<div id=\"accordion-2955132072\" class=\"accordion-item\">\n\t\t<a id=\"accordion-2955132072-label\" class=\"accordion-title plain\" href=\"#accordion-item-trung-qu\u00f4\u0301c\" aria-expanded=\"false\" aria-controls=\"accordion-2955132072-content\" >\n\t\t\t<button class=\"toggle\" aria-label=\"Toggle\"><i class=\"icon-angle-down\"><\/i><\/button>\n\t\t\t<span>Trung Qu\u00f4\u0301c<\/span>\n\t\t<\/a>\n\t\t<div id=\"accordion-2955132072-content\" class=\"accordion-inner\" aria-labelledby=\"accordion-2955132072-label\" >\n\t\t\t\n<p>\u0110i\u0323a chi\u0309: Taiping Financial Building, No. 199 Citizen St., Qianjiang New Area, Hangzhou City<br \/>\nTel.: +86 166 5771 8660<\/p>\n\t\t<\/div>\n\t<\/div>\n\t\n\t<div id=\"accordion-1966036102\" class=\"accordion-item\">\n\t\t<a id=\"accordion-1966036102-label\" class=\"accordion-title plain\" href=\"#accordion-item-vi\u00ea\u0323t-nam\" aria-expanded=\"false\" aria-controls=\"accordion-1966036102-content\" >\n\t\t\t<button class=\"toggle\" aria-label=\"Toggle\"><i class=\"icon-angle-down\"><\/i><\/button>\n\t\t\t<span>Vi\u00ea\u0323t Nam<\/span>\n\t\t<\/a>\n\t\t<div id=\"accordion-1966036102-content\" class=\"accordion-inner\" aria-labelledby=\"accordion-1966036102-label\" >\n\t\t\t\n<p>To\u0300a nha\u0300 Kingston Residence, 146 Nguy\u00ea\u0303n V\u0103n Tr\u00f4\u0303i, Ph\u01b0\u01a1\u0300ng Phu\u0301 Nhu\u00e2\u0323n, Tp. H\u00f4\u0300 Chi\u0301 Minh<br \/>\nTel.: +84 911 60 22 44<\/p>\n\t\t<\/div>\n\t<\/div>\n\t\n\t<div id=\"accordion-3085978520\" class=\"accordion-item\">\n\t\t<a id=\"accordion-3085978520-label\" class=\"accordion-title plain\" href=\"#accordion-item-singapore\" aria-expanded=\"false\" aria-controls=\"accordion-3085978520-content\" >\n\t\t\t<button class=\"toggle\" aria-label=\"Toggle\"><i class=\"icon-angle-down\"><\/i><\/button>\n\t\t\t<span>Singapore<\/span>\n\t\t<\/a>\n\t\t<div id=\"accordion-3085978520-content\" class=\"accordion-inner\" aria-labelledby=\"accordion-3085978520-label\" >\n\t\t\t\n<p>\u0110i\u0323a chi\u0309: Anson Road, #10 \u2013 11 International Plaza<br \/>\nTel.: +65 6850 5407<\/p>\n\t\t<\/div>\n\t<\/div>\n\t\n\t<div id=\"accordion-2820419413\" class=\"accordion-item\">\n\t\t<a id=\"accordion-2820419413-label\" class=\"accordion-title plain\" href=\"#accordion-item-hongkong\" aria-expanded=\"false\" aria-controls=\"accordion-2820419413-content\" >\n\t\t\t<button class=\"toggle\" aria-label=\"Toggle\"><i class=\"icon-angle-down\"><\/i><\/button>\n\t\t\t<span>Hongkong<\/span>\n\t\t<\/a>\n\t\t<div id=\"accordion-2820419413-content\" class=\"accordion-inner\" aria-labelledby=\"accordion-2820419413-label\" >\n\t\t\t\n<p>\u0110i\u0323a chi\u0309: Progress Commercial Building, 9 Irrving Street, Causeway Bay<br \/>\nTel.: +852 580 10002<\/p>\n\t\t<\/div>\n\t<\/div>\n\t\n<\/div>\n\t\t<\/div>\n\t\t\t\t\t<\/div>\n\n\t\n<\/div>\n\t\t<\/div>\n\t\t\t\t\t<\/div>\n\n\t\n<\/div>\n\t\t<\/div>\n\n\t\t\n<style>\n#section_782221273 {\n  padding-top: 100px;\n  padding-bottom: 100px;\n}\n<\/style>\n\t<\/section>\n\t\n","protected":false},"excerpt":{"rendered":"","protected":false},"author":1,"featured_media":0,"parent":0,"menu_order":0,"comment_status":"closed","ping_status":"closed","template":"page-blank.php","meta":{"inline_featured_image":false,"footnotes":""},"class_list":["post-271","page","type-page","status-publish","hentry"],"acf":[],"_links":{"self":[{"href":"https:\/\/atexpress.net\/vi\/wp-json\/wp\/v2\/pages\/271","targetHints":{"allow":["GET"]}}],"collection":[{"href":"https:\/\/atexpress.net\/vi\/wp-json\/wp\/v2\/pages"}],"about":[{"href":"https:\/\/atexpress.net\/vi\/wp-json\/wp\/v2\/types\/page"}],"author":[{"embeddable":true,"href":"https:\/\/atexpress.net\/vi\/wp-json\/wp\/v2\/users\/1"}],"replies":[{"embeddable":true,"href":"https:\/\/atexpress.net\/vi\/wp-json\/wp\/v2\/comments?post=271"}],"version-history":[{"count":27,"href":"https:\/\/atexpress.net\/vi\/wp-json\/wp\/v2\/pages\/271\/revisions"}],"predecessor-version":[{"id":3931,"href":"https:\/\/atexpress.net\/vi\/wp-json\/wp\/v2\/pages\/271\/revisions\/3931"}],"wp:attachment":[{"href":"https:\/\/atexpress.net\/vi\/wp-json\/wp\/v2\/media?parent=271"}],"curies":[{"name":"wp","href":"https:\/\/api.w.org\/{rel}","templated":true}]}}